{"id":1402,"date":"2021-03-10T22:02:15","date_gmt":"2021-03-10T22:02:15","guid":{"rendered":"https:\/\/vn.gedu.eu\/?page_id=1402"},"modified":"2021-08-30T07:09:45","modified_gmt":"2021-08-30T05:09:45","slug":"ikk","status":"publish","type":"page","link":"https:\/\/gedu.eu\/vi\/ikk\/","title":{"rendered":"Ng\u00e0nh T\u01b0 v\u1ea5n Y t\u1ebf"},"content":{"rendered":"<div data-elementor-type=\"wp-page\" data-elementor-id=\"1402\" class=\"elementor elementor-1402\" data-elementor-settings=\"[]\">\n\t\t\t\t\t\t\t<div class=\"elementor-section-wrap\">\n\t\t\t\t\t\t\t<section class=\"elementor-section elementor-top-section elementor-element elementor-element-4770134e elementor-section-stretched elementor-section-boxed elementor-section-height-default elementor-section-height-default\" data-id=\"4770134e\" data-element_type=\"section\" data-settings=\"{&quot;background_background&quot;:&quot;classic&quot;,&quot;stretch_section&quot;:&quot;section-stretched&quot;}\">\n\t\t\t\t\t\t<div class=\"elementor-container elementor-column-gap-no\">\n\t\t\t\t\t<div class=\"elementor-column elementor-col-50 elementor-top-column elementor-element elementor-element-41fa696d\" data-id=\"41fa696d\" data-element_type=\"column\">\n\t\t\t<div class=\"elementor-widget-wrap elementor-element-populated\">\n\t\t\t\t\t\t\t\t<div class=\"elementor-element elementor-element-e5635b3 elementor-widget elementor-widget-spacer\" data-id=\"e5635b3\" data-element_type=\"widget\" data-widget_type=\"spacer.default\">\n\t\t\t\t<div class=\"elementor-widget-container\">\n\t\t\t\t\t<div class=\"elementor-spacer\">\n\t\t\t<div class=\"elementor-spacer-inner\"><\/div>\n\t\t<\/div>\n\t\t\t\t<\/div>\n\t\t\t\t<\/div>\n\t\t\t\t<div class=\"elementor-element elementor-element-1a84f2ca elementor-widget elementor-widget-heading\" data-id=\"1a84f2ca\" data-element_type=\"widget\" data-widget_type=\"heading.default\">\n\t\t\t\t<div class=\"elementor-widget-container\">\n\t\t\t<p class=\"elementor-heading-title elementor-size-default\">C\u00f9ng IKK CLASSIC H\u1ee3p T\u00e1c<\/p>\t\t<\/div>\n\t\t\t\t<\/div>\n\t\t\t\t<div class=\"elementor-element elementor-element-27cd01db elementor-widget elementor-widget-heading\" data-id=\"27cd01db\" data-element_type=\"widget\" data-widget_type=\"heading.default\">\n\t\t\t\t<div class=\"elementor-widget-container\">\n\t\t\t<p class=\"elementor-heading-title elementor-size-default\">Chuy\u00ean vi\u00ean t\u01b0 v\u1ea5n Y t\u1ebf<\/p>\t\t<\/div>\n\t\t\t\t<\/div>\n\t\t\t\t<div class=\"elementor-element elementor-element-15c1d08c elementor-widget__width-initial elementor-widget elementor-widget-image\" data-id=\"15c1d08c\" data-element_type=\"widget\" data-widget_type=\"image.default\">\n\t\t\t\t<div class=\"elementor-widget-container\">\n\t\t\t\t\t<div class=\"elementor-image\">\n\t\t\t\t\t\t\t\t\t\t<img loading=\"lazy\" decoding=\"async\" width=\"24\" height=\"44\" src=\"https:\/\/gedu.eu\/wp-content\/uploads\/2021\/03\/handdrawn_arrow_white_sm.png\" class=\"attachment-large size-large\" alt=\"\" \/>\t\t\t\t\t\t\t\t\t\t\t<\/div>\n\t\t\t\t<\/div>\n\t\t\t\t<\/div>\n\t\t\t\t<div class=\"elementor-element elementor-element-5b355256 elementor-view-stacked elementor-position-left elementor-vertical-align-middle elementor-shape-circle elementor-widget elementor-widget-icon-box\" data-id=\"5b355256\" data-element_type=\"widget\" data-widget_type=\"icon-box.default\">\n\t\t\t\t<div class=\"elementor-widget-container\">\n\t\t\t\t\t<div class=\"elementor-icon-box-wrapper\">\n\t\t\t\t\t\t<div class=\"elementor-icon-box-icon\">\n\t\t\t\t<a class=\"elementor-icon elementor-animation-\" href=\"#\">\n\t\t\t\t<i aria-hidden=\"true\" class=\"fas fa-phone-alt\"><\/i>\t\t\t\t<\/a>\n\t\t\t<\/div>\n\t\t\t\t\t\t<div class=\"elementor-icon-box-content\">\n\t\t\t\t<p class=\"elementor-icon-box-title\">\n\t\t\t\t\t<a href=\"#\">+49 171 2323455<\/a>\n\t\t\t\t<\/p>\n\t\t\t\t\t\t\t<\/div>\n\t\t<\/div>\n\t\t\t\t<\/div>\n\t\t\t\t<\/div>\n\t\t\t\t<div class=\"elementor-element elementor-element-35ebe947 elementor-view-stacked elementor-position-left elementor-vertical-align-middle elementor-shape-circle elementor-widget elementor-widget-icon-box\" data-id=\"35ebe947\" data-element_type=\"widget\" data-widget_type=\"icon-box.default\">\n\t\t\t\t<div class=\"elementor-widget-container\">\n\t\t\t\t\t<div class=\"elementor-icon-box-wrapper\">\n\t\t\t\t\t\t<div class=\"elementor-icon-box-icon\">\n\t\t\t\t<a class=\"elementor-icon elementor-animation-\" href=\"#\">\n\t\t\t\t<i aria-hidden=\"true\" class=\"fas fa-envelope\"><\/i>\t\t\t\t<\/a>\n\t\t\t<\/div>\n\t\t\t\t\t\t<div class=\"elementor-icon-box-content\">\n\t\t\t\t<p class=\"elementor-icon-box-title\">\n\t\t\t\t\t<a href=\"#\">linh.vofromme@gedu.eu <\/a>\n\t\t\t\t<\/p>\n\t\t\t\t\t\t\t<\/div>\n\t\t<\/div>\n\t\t\t\t<\/div>\n\t\t\t\t<\/div>\n\t\t\t\t\t<\/div>\n\t\t<\/div>\n\t\t\t\t<div class=\"elementor-column elementor-col-50 elementor-top-column elementor-element elementor-element-2f4c2c56\" data-id=\"2f4c2c56\" data-element_type=\"column\">\n\t\t\t<div class=\"elementor-widget-wrap\">\n\t\t\t\t\t\t\t\t\t<\/div>\n\t\t<\/div>\n\t\t\t\t\t\t\t<\/div>\n\t\t<\/section>\n\t\t\t\t<section class=\"elementor-section elementor-top-section elementor-element elementor-element-fae681b elementor-section-boxed elementor-section-height-default elementor-section-height-default\" data-id=\"fae681b\" data-element_type=\"section\">\n\t\t\t\t\t\t<div class=\"elementor-container elementor-column-gap-default\">\n\t\t\t\t\t<div class=\"elementor-column elementor-col-100 elementor-top-column elementor-element elementor-element-609a2d3\" data-id=\"609a2d3\" data-element_type=\"column\">\n\t\t\t<div class=\"elementor-widget-wrap elementor-element-populated\">\n\t\t\t\t\t\t\t\t<div class=\"elementor-element elementor-element-64e1751 elementor-widget elementor-widget-spacer\" data-id=\"64e1751\" data-element_type=\"widget\" data-widget_type=\"spacer.default\">\n\t\t\t\t<div class=\"elementor-widget-container\">\n\t\t\t\t\t<div class=\"elementor-spacer\">\n\t\t\t<div class=\"elementor-spacer-inner\"><\/div>\n\t\t<\/div>\n\t\t\t\t<\/div>\n\t\t\t\t<\/div>\n\t\t\t\t\t<\/div>\n\t\t<\/div>\n\t\t\t\t\t\t\t<\/div>\n\t\t<\/section>\n\t\t\t\t<section class=\"elementor-section elementor-top-section elementor-element elementor-element-573ba66b elementor-section-boxed elementor-section-height-default elementor-section-height-default\" data-id=\"573ba66b\" data-element_type=\"section\">\n\t\t\t\t\t\t<div class=\"elementor-container elementor-column-gap-default\">\n\t\t\t\t\t<div class=\"elementor-column elementor-col-33 elementor-top-column elementor-element elementor-element-3b4a45b0\" data-id=\"3b4a45b0\" data-element_type=\"column\">\n\t\t\t<div class=\"elementor-widget-wrap elementor-element-populated\">\n\t\t\t\t\t\t\t\t<div class=\"elementor-element elementor-element-8f93f40 elementor-toc--minimized-on-tablet elementor-widget elementor-widget-table-of-contents\" data-id=\"8f93f40\" data-element_type=\"widget\" data-settings=\"{&quot;exclude_headings_by_selector&quot;:[],&quot;sticky&quot;:&quot;top&quot;,&quot;headings_by_tags&quot;:[&quot;h2&quot;,&quot;h3&quot;,&quot;h4&quot;,&quot;h5&quot;,&quot;h6&quot;],&quot;marker_view&quot;:&quot;numbers&quot;,&quot;minimize_box&quot;:&quot;yes&quot;,&quot;minimized_on&quot;:&quot;tablet&quot;,&quot;hierarchical_view&quot;:&quot;yes&quot;,&quot;min_height&quot;:{&quot;unit&quot;:&quot;px&quot;,&quot;size&quot;:&quot;&quot;,&quot;sizes&quot;:[]},&quot;min_height_tablet&quot;:{&quot;unit&quot;:&quot;px&quot;,&quot;size&quot;:&quot;&quot;,&quot;sizes&quot;:[]},&quot;min_height_mobile&quot;:{&quot;unit&quot;:&quot;px&quot;,&quot;size&quot;:&quot;&quot;,&quot;sizes&quot;:[]},&quot;sticky_on&quot;:[&quot;desktop&quot;,&quot;tablet&quot;,&quot;mobile&quot;],&quot;sticky_offset&quot;:0,&quot;sticky_effects_offset&quot;:0}\" data-widget_type=\"table-of-contents.default\">\n\t\t\t\t<div class=\"elementor-widget-container\">\n\t\t\t\t\t<div class=\"elementor-toc__header\">\n\t\t\t<h4 class=\"elementor-toc__header-title\">N\u1ed9i dung<\/h4>\t\t\t\t\t\t\t<div class=\"elementor-toc__toggle-button elementor-toc__toggle-button--expand\"><i class=\"fas fa-chevron-down\"><\/i><\/div>\n\t\t\t\t<div class=\"elementor-toc__toggle-button elementor-toc__toggle-button--collapse\"><i class=\"fas fa-chevron-up\"><\/i><\/div>\n\t\t\t\t\t<\/div>\n\t\t<div class=\"elementor-toc__body\">\n\t\t\t<div class=\"elementor-toc__spinner-container\">\n\t\t\t\t<i class=\"elementor-toc__spinner eicon-loading eicon-animation-spin\" aria-hidden=\"true\"><\/i>\n\t\t\t<\/div>\n\t\t<\/div>\n\t\t\t\t<\/div>\n\t\t\t\t<\/div>\n\t\t\t\t\t<\/div>\n\t\t<\/div>\n\t\t\t\t<div class=\"elementor-column elementor-col-66 elementor-top-column elementor-element elementor-element-351b6ff0\" data-id=\"351b6ff0\" data-element_type=\"column\">\n\t\t\t<div class=\"elementor-widget-wrap elementor-element-populated\">\n\t\t\t\t\t\t\t\t<div class=\"elementor-element elementor-element-4cc1af0d elementor-widget elementor-widget-heading\" data-id=\"4cc1af0d\" data-element_type=\"widget\" data-widget_type=\"heading.default\">\n\t\t\t\t<div class=\"elementor-widget-container\">\n\t\t\t<h2 class=\"elementor-heading-title elementor-size-default\">Ch\u01b0\u01a1ng tr\u00ecnh h\u1ee3p t\u00e1c v\u1edbi IKK classic<\/h2>\t\t<\/div>\n\t\t\t\t<\/div>\n\t\t\t\t<section class=\"elementor-section elementor-inner-section elementor-element elementor-element-dca7df3 elementor-section-boxed elementor-section-height-default elementor-section-height-default\" data-id=\"dca7df3\" data-element_type=\"section\">\n\t\t\t\t\t\t<div class=\"elementor-container elementor-column-gap-default\">\n\t\t\t\t\t<div class=\"elementor-column elementor-col-50 elementor-inner-column elementor-element elementor-element-1f1017a\" data-id=\"1f1017a\" data-element_type=\"column\">\n\t\t\t<div class=\"elementor-widget-wrap elementor-element-populated\">\n\t\t\t\t\t\t\t\t<div class=\"elementor-element elementor-element-9231d5b elementor-widget elementor-widget-image\" data-id=\"9231d5b\" data-element_type=\"widget\" data-widget_type=\"image.default\">\n\t\t\t\t<div class=\"elementor-widget-container\">\n\t\t\t\t\t<div class=\"elementor-image\">\n\t\t\t\t\t\t\t\t\t\t<img loading=\"lazy\" decoding=\"async\" width=\"1024\" height=\"1024\" src=\"https:\/\/gedu.eu\/wp-content\/uploads\/2021\/03\/gedu-1c.svg\" class=\"attachment-large size-large\" alt=\"\" srcset=\"https:\/\/gedu.eu\/wp-content\/uploads\/\/2021\/03\/gedu-1c.svg 150w, https:\/\/gedu.eu\/wp-content\/uploads\/\/2021\/03\/gedu-1c.svg 300w, https:\/\/gedu.eu\/wp-content\/uploads\/\/2021\/03\/gedu-1c.svg 1024w\" sizes=\"auto, (max-width: 1024px) 100vw, 1024px\" \/>\t\t\t\t\t\t\t\t\t\t\t<\/div>\n\t\t\t\t<\/div>\n\t\t\t\t<\/div>\n\t\t\t\t\t<\/div>\n\t\t<\/div>\n\t\t\t\t<div class=\"elementor-column elementor-col-50 elementor-inner-column elementor-element elementor-element-574694b\" data-id=\"574694b\" data-element_type=\"column\">\n\t\t\t<div class=\"elementor-widget-wrap elementor-element-populated\">\n\t\t\t\t\t\t\t\t<div class=\"elementor-element elementor-element-d353f11 elementor-widget elementor-widget-image\" data-id=\"d353f11\" data-element_type=\"widget\" data-widget_type=\"image.default\">\n\t\t\t\t<div class=\"elementor-widget-container\">\n\t\t\t\t\t<div class=\"elementor-image\">\n\t\t\t\t\t\t\t\t\t\t<img loading=\"lazy\" decoding=\"async\" width=\"1024\" height=\"360\" src=\"https:\/\/gedu.eu\/wp-content\/uploads\/2021\/03\/2000px-Logo_IKK_classic.svg-1024x360.png\" class=\"attachment-large size-large\" alt=\"\" srcset=\"https:\/\/gedu.eu\/wp-content\/uploads\/2021\/03\/2000px-Logo_IKK_classic.svg-1024x360.png 1024w, https:\/\/gedu.eu\/wp-content\/uploads\/2021\/03\/2000px-Logo_IKK_classic.svg-300x105.png 300w, https:\/\/gedu.eu\/wp-content\/uploads\/2021\/03\/2000px-Logo_IKK_classic.svg-768x270.png 768w, https:\/\/gedu.eu\/wp-content\/uploads\/2021\/03\/2000px-Logo_IKK_classic.svg-1536x540.png 1536w, https:\/\/gedu.eu\/wp-content\/uploads\/2021\/03\/2000px-Logo_IKK_classic.svg.png 2000w\" sizes=\"auto, (max-width: 1024px) 100vw, 1024px\" \/>\t\t\t\t\t\t\t\t\t\t\t<\/div>\n\t\t\t\t<\/div>\n\t\t\t\t<\/div>\n\t\t\t\t\t<\/div>\n\t\t<\/div>\n\t\t\t\t\t\t\t<\/div>\n\t\t<\/section>\n\t\t\t\t<div class=\"elementor-element elementor-element-436f44a5 elementor-widget elementor-widget-text-editor\" data-id=\"436f44a5\" data-element_type=\"widget\" data-widget_type=\"text-editor.default\">\n\t\t\t\t<div class=\"elementor-widget-container\">\n\t\t\t\t\t<div class=\"elementor-text-editor elementor-clearfix\"><p><span style=\"font-weight: 400;\">Ch\u00fang t\u00f4i mu\u1ed1n thu h\u00fat s\u1ef1 ch\u00fa \u00fd \u0111\u1eb7c bi\u1ec7t c\u1ee7a b\u1ea1n \u0111\u1ebfn Ch\u01b0\u01a1ng tr\u00ecnh \u0110\u00e0o t\u1ea1o \u0111\u01b0\u1ee3c cung c\u1ea5p b\u1edfi \u0111\u1ed1i t\u00e1c h\u1ee3p t\u00e1c IKK classic (m\u1ed9t t\u1eadp \u0111o\u00e0n v\u1ec1 b\u1ea3o hi\u1ec3m Y T\u1ebf n\u1eb1m trong top \u0111\u1ea7u t\u1ea1i CHLB \u0110\u1ee9c) c\u1ee7a ch\u00fang t\u00f4i \u1edf Leipzig. \u0110\u00e2y l\u00e0 kh\u00f3a \u0110\u00e0o t\u1ea1o Ngh\u1ec1 3 n\u0103m cho l\u0129nh v\u1ef1c T\u01b0 v\u1ea5n\/ Kinh Doanh trong Ng\u00e0nh Y t\u1ebf.<\/span><\/p><p><span style=\"font-weight: 400;\">Kh\u00f3a \u0111\u00e0o t\u1ea1o b\u1eaft \u0111\u1ea7u v\u00e0o 01\/08\/2021 trong s\u1ef1 qu\u1ea3n l\u00fd c\u1ee7a IKK classic \u1edf khu v\u1ef1c Leipzig, k\u1ebft h\u1ee3p v\u1edbi c\u00e1c gi\u1edd h\u1ecdc t\u1ea1i c\u00e1c tr\u01b0\u1eddng d\u1ea1y ngh\u1ec1 c\u00f3 tr\u00e1ch nhi\u1ec7m b\u00ean c\u1ea1nh c\u00e1c kh\u00f3a h\u1ecdc t\u1ea1i h\u1ecdc vi\u1ec7n IKK \u1edf Hagen.<\/span><\/p><p><span style=\"font-weight: 400;\">\u0110\u1ed1i t\u00e1c c\u1ee7a ch\u00fang t\u00f4i - IKK classic - l\u00e0 C\u00f4ng ty B\u1ea3o hi\u1ec3m S\u1ee9c kh\u1ecfe cung c\u1ea5p d\u1ecbch v\u1ee5 ch\u0103m s\u00f3c s\u1ee9c kh\u1ecfe h\u00e0ng \u0111\u1ea7u t\u1ea1i \u0110\u1ee9c. L\u00e0 Qu\u1ef9 B\u1ea3o hi\u1ec3m S\u1ee9c kh\u1ecfe Bang h\u1ed9i (Innung Krankenkasse) l\u1edbn nh\u1ea5t v\u1edbi h\u01a1n 100 n\u0103m ho\u1ea1t \u0111\u1ed9ng trong l\u0129nh v\u1ef1c n\u00e0y. IKK classic l\u00e0 \u0111\u01a1n v\u1ecb b\u1ea3o hi\u1ec3m c\u1ee7a h\u01a1n 3 tri\u1ec7u ng\u01b0\u1eddi tham gia v\u00e0 405.000 kh\u00e1ch h\u00e0ng doanh nghi\u1ec7p tr\u00ean to\u00e0n n\u01b0\u1edbc \u0110\u1ee9c. IKK classic \u0111\u1ea3m b\u1ea3o c\u00f3 th\u1ec3 cung c\u1ea5p d\u1ecbch v\u1ee5 kinh t\u1ebf nh\u1ea5t v\u00e0 t\u1ed1t nh\u1ea5t.<\/span><\/p><p><\/p><\/div>\n\t\t\t\t<\/div>\n\t\t\t\t<\/div>\n\t\t\t\t<div class=\"elementor-element elementor-element-374fc769 elementor-widget elementor-widget-heading\" data-id=\"374fc769\" data-element_type=\"widget\" data-widget_type=\"heading.default\">\n\t\t\t\t<div class=\"elementor-widget-container\">\n\t\t\t<h2 class=\"elementor-heading-title elementor-size-default\">B\u1ea1n s\u1ebd \u0111\u01b0\u1ee3c h\u1ecdc:<\/h2>\t\t<\/div>\n\t\t\t\t<\/div>\n\t\t\t\t<div class=\"elementor-element elementor-element-1ac786ce elementor-widget elementor-widget-text-editor\" data-id=\"1ac786ce\" data-element_type=\"widget\" data-widget_type=\"text-editor.default\">\n\t\t\t\t<div class=\"elementor-widget-container\">\n\t\t\t\t\t<div class=\"elementor-text-editor elementor-clearfix\"><ul><li><span style=\"font-weight: 400;\">C\u00e1ch t\u01b0 v\u1ea5n h\u01b0\u1edbng t\u1edbi kh\u00e1ch h\u00e0ng v\u1ec1 c\u00e1c d\u1ecbch v\u1ee5 trong tr\u01b0\u1eddng h\u1ee3p ch\u0103m s\u00f3c v\u00e0 \u0111au \u1ed1m, c\u0169ng nh\u01b0 c\u00e1c d\u1ecbch v\u1ee5 c\u00e1 nh\u00e2n kh\u00e1c \u0111\u01b0\u1ee3c cung c\u1ea5p b\u1edfi IKK classic.<\/span><\/li><li><span style=\"font-weight: 400;\">C\u00e1ch t\u00ecm ki\u1ebfm kh\u00e1ch h\u00e0ng m\u1edbi qua t\u01b0 v\u1ea5n \u0111i\u1ec7n tho\u1ea1i v\u00e0 t\u01b0 v\u1ea5n tr\u1ef1c ti\u1ebfp, th\u1eaft ch\u1eb7t v\u00e0 x\u00e2y d\u1ef1ng m\u1ed1i quan h\u1ec7 th\u00e2n thi\u1ebft v\u1edbi kh\u00e1ch h\u00e0ng, thi\u1ebft l\u1eadp l\u1ea1i m\u1ed1i quan h\u1ec7 v\u1edbi kh\u00e1ch h\u00e0ng c\u0169 th\u00f4ng qua c\u00e1c b\u00e0i thuy\u1ebft tr\u00ecnh s\u1ea3n ph\u1ea9m.<\/span><\/li><li><span style=\"font-weight: 400;\">T\u1ed5 ch\u1ee9c v\u00e0 tham gia c\u00e1c ho\u1ea1t \u0111\u1ed9ng ti\u1ebfp th\u1ecb (h\u1ed9i ch\u1ee3, s\u1ef1 ki\u1ec7n- t\u00e0i tr\u1ee3, c\u00e1c ph\u01b0\u01a1ng th\u1ee9c qu\u1ea3ng c\u00e1o, ng\u00e0y h\u1ed9i s\u1ee9c kh\u1ecfe) tu\u00e2n theo ng\u00e2n s\u00e1ch nh\u1ea5t \u0111\u1ecbnh.<\/span><\/li><li><span style=\"font-weight: 400;\">C\u00e1ch l\u00e0m vi\u1ec7c trong m\u00f4i tr\u01b0\u1eddng chuy\u00ean nghi\u1ec7p.<\/span><\/li><\/ul><p><\/p><\/div>\n\t\t\t\t<\/div>\n\t\t\t\t<\/div>\n\t\t\t\t<div class=\"elementor-element elementor-element-b9c6906 elementor-widget elementor-widget-heading\" data-id=\"b9c6906\" data-element_type=\"widget\" data-widget_type=\"heading.default\">\n\t\t\t\t<div class=\"elementor-widget-container\">\n\t\t\t<h2 class=\"elementor-heading-title elementor-size-default\">K\u1ef9 n\u0103ng c\u1ea7n c\u00f3:<\/h2>\t\t<\/div>\n\t\t\t\t<\/div>\n\t\t\t\t<div class=\"elementor-element elementor-element-3bcface elementor-widget elementor-widget-text-editor\" data-id=\"3bcface\" data-element_type=\"widget\" data-widget_type=\"text-editor.default\">\n\t\t\t\t<div class=\"elementor-widget-container\">\n\t\t\t\t\t<div class=\"elementor-text-editor elementor-clearfix\"><ul><li style=\"font-weight: 400;\" aria-level=\"1\"><span style=\"font-weight: 400;\">B\u1ea1n c\u1edfi m\u1edf, n\u0103ng n\u1ed5, th\u00edch giao ti\u1ebfp v\u00e0 l\u00e0m vi\u1ec7c v\u1edbi m\u1ecdi ng\u01b0\u1eddi, vui v\u1ebb v\u00e0 t\u00edch c\u1ef1c.<\/span><\/li><li style=\"font-weight: 400;\" aria-level=\"1\"><span style=\"font-weight: 400;\">B\u1ea1n nghi\u00eam t\u00fac, t\u00f4n tr\u1ecdng, c\u00f3 th\u00e1i \u0111\u1ed9 \u0111\u00fang \u0111\u1eafn khi giao ti\u1ebfp v\u1edbi kh\u00e1ch h\u00e0ng v\u00e0 lu\u00f4n trong t\u01b0 th\u1ebf s\u1eb5n s\u00e0ng, ch\u1ee7 \u0111\u1ed9ng t\u00ecm ra gi\u1ea3i ph\u00e1p t\u1ed1i \u01b0u cho kh\u00e1ch h\u00e0ng.<\/span><\/li><li style=\"font-weight: 400;\" aria-level=\"1\"><span style=\"font-weight: 400;\">B\u1ea1n \u0111\u1ec1 cao ch\u1ea5t l\u01b0\u1ee3ng d\u1ecbch v\u1ee5, k\u1ef9 n\u0103ng truy\u1ec1n c\u1ea3m h\u1ee9ng c\u0169ng nh\u01b0 k\u1ef9 n\u0103ng thuy\u1ebft ph\u1ee5c n\u1eb1m trong \u0111i\u1ec3m m\u1ea1nh c\u1ee7a b\u1ea1n.\u00a0<\/span><\/li><li style=\"font-weight: 400;\" aria-level=\"1\"><span style=\"font-weight: 400;\">B\u1ea1n linh ho\u1ea1t, nhi\u1ec7t huy\u1ebft v\u00e0 l\u00e0m vi\u1ec7c \u0111\u1ed9c l\u1eadp.<\/span><\/li><li style=\"font-weight: 400;\" aria-level=\"1\"><span style=\"font-weight: 400;\">B\u1ea1n t\u00edch c\u1ef1c, n\u0103ng n\u1ed5 trong c\u00f4ng t\u00e1c x\u00e3 h\u1ed9i v\u00e0 t\u1eadn d\u1ee5ng c\u01a1 h\u1ed9i \u0111\u1ec3 h\u00f2a nh\u1eadp v\u1edbi c\u1ed9ng \u0111\u1ed3ng ng\u01b0\u1eddi Vi\u1ec7t Nam.<\/span><\/li><li style=\"font-weight: 400;\" aria-level=\"1\"><span style=\"font-weight: 400;\">\u0110\u1ed1i v\u1edbi b\u1ea1n vi\u1ec7c s\u1eed d\u1ee5ng c\u00f4ng ngh\u1ec7 th\u00f4ng tin, truy\u1ec1n th\u00f4ng hi\u1ec7n \u0111\u1ea1i l\u00e0 \u0111i\u1ec1u \u0111\u01b0\u01a1ng nhi\u00ean.<\/span><\/li><li style=\"font-weight: 400;\" aria-level=\"1\"><span style=\"font-weight: 400;\">B\u1ea1n quan t\u00e2m \u0111\u1ebfn c\u00e1c ch\u1ee7 \u0111\u1ec1 v\u1ec1 th\u01b0\u01a1ng m\u1ea1i kinh t\u1ebf.\u00a0<\/span><\/li><li style=\"font-weight: 400;\" aria-level=\"1\"><span style=\"font-weight: 400;\">B\u1ea1n c\u00f3 ch\u1ee9ng ch\u1ec9 t\u1ed1t nghi\u1ec7p trung h\u1ecdc ho\u1eb7c b\u1eb1ng (Fach-)Abitur v\u1edbi hai m\u00f4n ti\u1ebfng \u0110\u1ee9c v\u00e0 To\u00e1n \u0111\u1ea1t \u0111i\u1ec3m t\u1ed1t.<\/span><\/li><li style=\"font-weight: 400;\" aria-level=\"1\"><span style=\"font-weight: 400;\">B\u1ea1n c\u00f3 tr\u00ecnh \u0111\u1ed9 ti\u1ebfng \u0110\u1ee9c t\u1ed1i thi\u1ec3u C1 v\u00e0 s\u1eed d\u1ee5ng ti\u1ebfng \u0110\u1ee9c th\u00e0nh th\u1ea1o c\u1ea3 vi\u1ebft v\u00e0 n\u00f3i.\u00a0<\/span><\/li><\/ul><p><\/p><\/div>\n\t\t\t\t<\/div>\n\t\t\t\t<\/div>\n\t\t\t\t<div class=\"elementor-element elementor-element-1ac1c2d elementor-widget elementor-widget-heading\" data-id=\"1ac1c2d\" data-element_type=\"widget\" data-widget_type=\"heading.default\">\n\t\t\t\t<div class=\"elementor-widget-container\">\n\t\t\t<h2 class=\"elementor-heading-title elementor-size-default\">Ch\u00fang t\u00f4i cung c\u1ea5p:<\/h2>\t\t<\/div>\n\t\t\t\t<\/div>\n\t\t\t\t<div class=\"elementor-element elementor-element-7bae480 elementor-widget elementor-widget-text-editor\" data-id=\"7bae480\" data-element_type=\"widget\" data-widget_type=\"text-editor.default\">\n\t\t\t\t<div class=\"elementor-widget-container\">\n\t\t\t\t\t<div class=\"elementor-text-editor elementor-clearfix\"><ul><li aria-level=\"1\"><span style=\"font-weight: bold;\">Tr\u1ee3 c\u1ea5p \u0111\u00e0o t\u1ea1o ngh\u00ea trong 3 n\u0103m: 1000\u20ac\/ 1100\u20ac\/ 1200\u20ac<\/span><\/li><li style=\"font-weight: 400;\" aria-level=\"1\"><span style=\"font-weight: 400;\">Kh\u00f3a \u0111\u00e0o t\u1ea1o r\u1ea5t \u0111a d\u1ea1ng v\u00e0 th\u00fa v\u1ecb trong l\u0129nh v\u1ef1c b\u00e1n h\u00e0ng, ti\u1ebfp th\u1ecb v\u00e0 t\u01b0 v\u1ea5n kh\u00e1ch h\u00e0ng c\u00f9ng \u0111\u1ed9i ng\u0169 nhi\u1ec7t huy\u1ebft t\u1eeb IKK classic.<\/span><\/li><li style=\"font-weight: 400;\" aria-level=\"1\"><span style=\"font-weight: 400;\">\u0110i\u1ec1u ki\u1ec7n l\u00e0m vi\u1ec7c hi\u1ec7n \u0111\u1ea1i, th\u1eddi gian l\u00e0m vi\u1ec7c linh ho\u1ea1t.<\/span><\/li><li style=\"font-weight: 400;\" aria-level=\"1\"><span style=\"font-weight: 400;\">Kho\u1ea3n tr\u1ee3 c\u1ea5p \u0111\u00e0o t\u1ea1o v\u00e0 l\u01b0\u01a1ng h\u01b0u h\u1ea5p d\u1eabn.<\/span><\/li><li style=\"font-weight: 400;\" aria-level=\"1\"><span style=\"font-weight: 400;\">Kh\u1ea3 n\u0103ng r\u00fat ng\u1eafn th\u1eddi gian \u0111\u00e0o t\u1ea1o n\u1ebfu \u0111\u1ea1t th\u00e0nh t\u00edch t\u1ed1t.<\/span><\/li><li style=\"font-weight: 400;\" aria-level=\"1\"><span style=\"font-weight: 400;\">Tri\u1ec3n v\u1ecdng ngh\u1ec1 nghi\u1ec7p h\u1ea5p d\u1eabn n\u1ebfu b\u1ea1n t\u1ed1t nghi\u1ec7p th\u00e0nh c\u00f4ng kh\u00f3a \u0111\u00e0o t\u1ea1o.<\/span><\/li><\/ul><p><\/p><\/div>\n\t\t\t\t<\/div>\n\t\t\t\t<\/div>\n\t\t\t\t<div class=\"elementor-element elementor-element-52581ee elementor-widget elementor-widget-heading\" data-id=\"52581ee\" data-element_type=\"widget\" data-widget_type=\"heading.default\">\n\t\t\t\t<div class=\"elementor-widget-container\">\n\t\t\t<h2 class=\"elementor-heading-title elementor-size-default\">\u0110\u0103ng k\u00fd @\u0111\u00e2y!<\/h2>\t\t<\/div>\n\t\t\t\t<\/div>\n\t\t\t\t<div class=\"elementor-element elementor-element-3cb6a40a elementor-widget elementor-widget-text-editor\" data-id=\"3cb6a40a\" data-element_type=\"widget\" data-widget_type=\"text-editor.default\">\n\t\t\t\t<div class=\"elementor-widget-container\">\n\t\t\t\t\t<div class=\"elementor-text-editor elementor-clearfix\"><p>\u0110\u1ec3 bi\u1ebft th\u00eam chi ti\u1ebft, vui l\u00f2ng li\u00ean h\u1ec7 v\u1edbi ch\u00fang t\u00f4i qua \u0111i\u1ec7n tho\u1ea1i ho\u1eb7c email:<br><b>Frau Fromme &#8211; Programm Manager<\/b><\/p><\/div>\n\t\t\t\t<\/div>\n\t\t\t\t<\/div>\n\t\t\t\t<div class=\"elementor-element elementor-element-4f6f70a elementor-view-stacked elementor-position-left elementor-vertical-align-middle elementor-shape-circle elementor-widget elementor-widget-icon-box\" data-id=\"4f6f70a\" data-element_type=\"widget\" data-widget_type=\"icon-box.default\">\n\t\t\t\t<div class=\"elementor-widget-container\">\n\t\t\t\t\t<div class=\"elementor-icon-box-wrapper\">\n\t\t\t\t\t\t<div class=\"elementor-icon-box-icon\">\n\t\t\t\t<a class=\"elementor-icon elementor-animation-\" href=\"#\">\n\t\t\t\t<i aria-hidden=\"true\" class=\"fas fa-phone-alt\"><\/i>\t\t\t\t<\/a>\n\t\t\t<\/div>\n\t\t\t\t\t\t<div class=\"elementor-icon-box-content\">\n\t\t\t\t<p class=\"elementor-icon-box-title\">\n\t\t\t\t\t<a href=\"#\">+49 171 2323455<\/a>\n\t\t\t\t<\/p>\n\t\t\t\t\t\t\t<\/div>\n\t\t<\/div>\n\t\t\t\t<\/div>\n\t\t\t\t<\/div>\n\t\t\t\t<div class=\"elementor-element elementor-element-7644785 elementor-view-stacked elementor-position-left elementor-vertical-align-middle elementor-shape-circle elementor-widget elementor-widget-icon-box\" data-id=\"7644785\" data-element_type=\"widget\" data-widget_type=\"icon-box.default\">\n\t\t\t\t<div class=\"elementor-widget-container\">\n\t\t\t\t\t<div class=\"elementor-icon-box-wrapper\">\n\t\t\t\t\t\t<div class=\"elementor-icon-box-icon\">\n\t\t\t\t<a class=\"elementor-icon elementor-animation-\" href=\"#\">\n\t\t\t\t<i aria-hidden=\"true\" class=\"fas fa-envelope\"><\/i>\t\t\t\t<\/a>\n\t\t\t<\/div>\n\t\t\t\t\t\t<div class=\"elementor-icon-box-content\">\n\t\t\t\t<p class=\"elementor-icon-box-title\">\n\t\t\t\t\t<a href=\"#\">linh.vofromme@gedu.eu <\/a>\n\t\t\t\t<\/p>\n\t\t\t\t\t\t\t<\/div>\n\t\t<\/div>\n\t\t\t\t<\/div>\n\t\t\t\t<\/div>\n\t\t\t\t<div class=\"elementor-element elementor-element-8edac2e elementor-widget elementor-widget-spacer\" data-id=\"8edac2e\" data-element_type=\"widget\" data-widget_type=\"spacer.default\">\n\t\t\t\t<div class=\"elementor-widget-container\">\n\t\t\t\t\t<div class=\"elementor-spacer\">\n\t\t\t<div class=\"elementor-spacer-inner\"><\/div>\n\t\t<\/div>\n\t\t\t\t<\/div>\n\t\t\t\t<\/div>\n\t\t\t\t\t<\/div>\n\t\t<\/div>\n\t\t\t\t\t\t\t<\/div>\n\t\t<\/section>\n\t\t\t\t\t\t<\/div>\n\t\t\t\t\t<\/div>","protected":false},"excerpt":{"rendered":"<p>In Kooperation mit IKK classic : Kauffrau\/-mann im Gesundheitswesen (m\/w\/d) +49 171 2323455 linh.vofromme@gedu.eu Das Wichtigste in K\u00fcrze In Kooperation mit IKK classic Wir m\u00f6chten Sie speziell auf ein Ausbildungsangebot unseres Kooperationspartners IKK classic in Leipzig aufmerksam machen. Es handelt sich darum, den Beruf Kaufmann\/-frau im Gesundheitswesen (m\/w\/d) in einer dreij\u00e4hrigen dualen Ausbildung zu erlernen. [&hellip;]<\/p>","protected":false},"author":2,"featured_media":0,"parent":0,"menu_order":0,"comment_status":"closed","ping_status":"closed","template":"","meta":{"footnotes":""},"class_list":["post-1402","page","type-page","status-publish","hentry","wpbf-post"],"_links":{"self":[{"href":"https:\/\/gedu.eu\/vi\/wp-json\/wp\/v2\/pages\/1402","targetHints":{"allow":["GET"]}}],"collection":[{"href":"https:\/\/gedu.eu\/vi\/wp-json\/wp\/v2\/pages"}],"about":[{"href":"https:\/\/gedu.eu\/vi\/wp-json\/wp\/v2\/types\/page"}],"author":[{"embeddable":true,"href":"https:\/\/gedu.eu\/vi\/wp-json\/wp\/v2\/users\/2"}],"replies":[{"embeddable":true,"href":"https:\/\/gedu.eu\/vi\/wp-json\/wp\/v2\/comments?post=1402"}],"version-history":[{"count":66,"href":"https:\/\/gedu.eu\/vi\/wp-json\/wp\/v2\/pages\/1402\/revisions"}],"predecessor-version":[{"id":3588,"href":"https:\/\/gedu.eu\/vi\/wp-json\/wp\/v2\/pages\/1402\/revisions\/3588"}],"wp:attachment":[{"href":"https:\/\/gedu.eu\/vi\/wp-json\/wp\/v2\/media?parent=1402"}],"curies":[{"name":"wp","href":"https:\/\/api.w.org\/{rel}","templated":true}]}}