{"id":1992,"date":"2021-03-12T09:50:09","date_gmt":"2021-03-12T09:50:09","guid":{"rendered":"https:\/\/vn.gedu.eu\/?page_id=1992"},"modified":"2021-05-04T07:06:50","modified_gmt":"2021-05-04T05:06:50","slug":"chance-vorteile","status":"publish","type":"page","link":"https:\/\/gedu.eu\/vi\/chance-vorteile\/","title":{"rendered":"C\u01a0 H\u1ed8I &amp; L\u1ee2I TH\u1ebe"},"content":{"rendered":"<div data-elementor-type=\"wp-page\" data-elementor-id=\"1992\" class=\"elementor elementor-1992\" data-elementor-settings=\"[]\">\n\t\t\t\t\t\t\t<div class=\"elementor-section-wrap\">\n\t\t\t\t\t\t\t<section class=\"elementor-section elementor-top-section elementor-element elementor-element-74644be1 elementor-section-stretched elementor-section-boxed elementor-section-height-default elementor-section-height-default\" data-id=\"74644be1\" data-element_type=\"section\" data-settings=\"{&quot;background_background&quot;:&quot;classic&quot;,&quot;stretch_section&quot;:&quot;section-stretched&quot;}\">\n\t\t\t\t\t\t<div class=\"elementor-container elementor-column-gap-no\">\n\t\t\t\t\t<div class=\"elementor-column elementor-col-50 elementor-top-column elementor-element elementor-element-6ab0398\" data-id=\"6ab0398\" data-element_type=\"column\">\n\t\t\t<div class=\"elementor-widget-wrap elementor-element-populated\">\n\t\t\t\t\t\t\t\t<div class=\"elementor-element elementor-element-632d8c4a elementor-widget elementor-widget-spacer\" data-id=\"632d8c4a\" data-element_type=\"widget\" data-widget_type=\"spacer.default\">\n\t\t\t\t<div class=\"elementor-widget-container\">\n\t\t\t\t\t<div class=\"elementor-spacer\">\n\t\t\t<div class=\"elementor-spacer-inner\"><\/div>\n\t\t<\/div>\n\t\t\t\t<\/div>\n\t\t\t\t<\/div>\n\t\t\t\t<div class=\"elementor-element elementor-element-2126f6c elementor-widget elementor-widget-heading\" data-id=\"2126f6c\" data-element_type=\"widget\" data-widget_type=\"heading.default\">\n\t\t\t\t<div class=\"elementor-widget-container\">\n\t\t\t<p class=\"elementor-heading-title elementor-size-default\">Warum Ausbildung <br> in Deutschland?<\/p>\t\t<\/div>\n\t\t\t\t<\/div>\n\t\t\t\t<div class=\"elementor-element elementor-element-580364c4 elementor-widget elementor-widget-heading\" data-id=\"580364c4\" data-element_type=\"widget\" data-widget_type=\"heading.default\">\n\t\t\t\t<div class=\"elementor-widget-container\">\n\t\t\t<p class=\"elementor-heading-title elementor-size-default\">C\u01a1 h\u1ed9i &amp; L\u1ee3i th\u1ebf<\/p>\t\t<\/div>\n\t\t\t\t<\/div>\n\t\t\t\t<div class=\"elementor-element elementor-element-b677501 elementor-widget__width-initial elementor-widget elementor-widget-image\" data-id=\"b677501\" data-element_type=\"widget\" data-widget_type=\"image.default\">\n\t\t\t\t<div class=\"elementor-widget-container\">\n\t\t\t\t\t<div class=\"elementor-image\">\n\t\t\t\t\t\t\t\t\t\t<img loading=\"lazy\" decoding=\"async\" width=\"24\" height=\"44\" src=\"https:\/\/gedu.eu\/wp-content\/uploads\/2021\/03\/handdrawn_arrow_white_sm.png\" class=\"attachment-large size-large\" alt=\"\" \/>\t\t\t\t\t\t\t\t\t\t\t<\/div>\n\t\t\t\t<\/div>\n\t\t\t\t<\/div>\n\t\t\t\t<div class=\"elementor-element elementor-element-cbdd0b1 elementor-align-center elementor-widget elementor-widget-button\" data-id=\"cbdd0b1\" data-element_type=\"widget\" data-widget_type=\"button.default\">\n\t\t\t\t<div class=\"elementor-widget-container\">\n\t\t\t\t\t<div class=\"elementor-button-wrapper\">\n\t\t\t<a href=\"https:\/\/vn.gedu.eu\/fur-azubi-kandidaten\/\" class=\"elementor-button-link elementor-button elementor-size-sm elementor-animation-shrink\" role=\"button\">\n\t\t\t\t\t\t<span class=\"elementor-button-content-wrapper\">\n\t\t\t\t\t\t<span class=\"elementor-button-icon elementor-align-icon-left\">\n\t\t\t\t<i aria-hidden=\"true\" class=\"far fa-check-circle\"><\/i>\t\t\t<\/span>\n\t\t\t\t\t\t<span class=\"elementor-button-text\">\u0110\u0103ng k\u00fd ngay<\/span>\n\t\t<\/span>\n\t\t\t\t\t<\/a>\n\t\t<\/div>\n\t\t\t\t<\/div>\n\t\t\t\t<\/div>\n\t\t\t\t\t<\/div>\n\t\t<\/div>\n\t\t\t\t<div class=\"elementor-column elementor-col-50 elementor-top-column elementor-element elementor-element-4ddddc3a\" data-id=\"4ddddc3a\" data-element_type=\"column\">\n\t\t\t<div class=\"elementor-widget-wrap\">\n\t\t\t\t\t\t\t\t\t<\/div>\n\t\t<\/div>\n\t\t\t\t\t\t\t<\/div>\n\t\t<\/section>\n\t\t\t\t<section class=\"elementor-section elementor-top-section elementor-element elementor-element-1db5d4c0 elementor-section-boxed elementor-section-height-default elementor-section-height-default\" data-id=\"1db5d4c0\" data-element_type=\"section\">\n\t\t\t\t\t\t<div class=\"elementor-container elementor-column-gap-default\">\n\t\t\t\t\t<div class=\"elementor-column elementor-col-100 elementor-top-column elementor-element elementor-element-5a301632\" data-id=\"5a301632\" data-element_type=\"column\">\n\t\t\t<div class=\"elementor-widget-wrap elementor-element-populated\">\n\t\t\t\t\t\t\t\t<div class=\"elementor-element elementor-element-32ed83ed elementor-widget elementor-widget-spacer\" data-id=\"32ed83ed\" data-element_type=\"widget\" data-widget_type=\"spacer.default\">\n\t\t\t\t<div class=\"elementor-widget-container\">\n\t\t\t\t\t<div class=\"elementor-spacer\">\n\t\t\t<div class=\"elementor-spacer-inner\"><\/div>\n\t\t<\/div>\n\t\t\t\t<\/div>\n\t\t\t\t<\/div>\n\t\t\t\t\t<\/div>\n\t\t<\/div>\n\t\t\t\t\t\t\t<\/div>\n\t\t<\/section>\n\t\t\t\t<section class=\"elementor-section elementor-top-section elementor-element elementor-element-664cd605 elementor-section-boxed elementor-section-height-default elementor-section-height-default\" data-id=\"664cd605\" data-element_type=\"section\">\n\t\t\t\t\t\t<div class=\"elementor-container elementor-column-gap-default\">\n\t\t\t\t\t<div class=\"elementor-column elementor-col-33 elementor-top-column elementor-element elementor-element-31f947f5\" data-id=\"31f947f5\" data-element_type=\"column\">\n\t\t\t<div class=\"elementor-widget-wrap elementor-element-populated\">\n\t\t\t\t\t\t\t\t<div class=\"elementor-element elementor-element-50a8b9b5 elementor-toc--minimized-on-tablet elementor-widget elementor-widget-table-of-contents\" data-id=\"50a8b9b5\" data-element_type=\"widget\" data-settings=\"{&quot;exclude_headings_by_selector&quot;:[],&quot;sticky&quot;:&quot;top&quot;,&quot;headings_by_tags&quot;:[&quot;h2&quot;,&quot;h3&quot;,&quot;h4&quot;,&quot;h5&quot;,&quot;h6&quot;],&quot;marker_view&quot;:&quot;numbers&quot;,&quot;minimize_box&quot;:&quot;yes&quot;,&quot;minimized_on&quot;:&quot;tablet&quot;,&quot;hierarchical_view&quot;:&quot;yes&quot;,&quot;min_height&quot;:{&quot;unit&quot;:&quot;px&quot;,&quot;size&quot;:&quot;&quot;,&quot;sizes&quot;:[]},&quot;min_height_tablet&quot;:{&quot;unit&quot;:&quot;px&quot;,&quot;size&quot;:&quot;&quot;,&quot;sizes&quot;:[]},&quot;min_height_mobile&quot;:{&quot;unit&quot;:&quot;px&quot;,&quot;size&quot;:&quot;&quot;,&quot;sizes&quot;:[]},&quot;sticky_on&quot;:[&quot;desktop&quot;,&quot;tablet&quot;,&quot;mobile&quot;],&quot;sticky_offset&quot;:0,&quot;sticky_effects_offset&quot;:0}\" data-widget_type=\"table-of-contents.default\">\n\t\t\t\t<div class=\"elementor-widget-container\">\n\t\t\t\t\t<div class=\"elementor-toc__header\">\n\t\t\t<h4 class=\"elementor-toc__header-title\">N\u1ed9i dung<\/h4>\t\t\t\t\t\t\t<div class=\"elementor-toc__toggle-button elementor-toc__toggle-button--expand\"><i class=\"fas fa-chevron-down\"><\/i><\/div>\n\t\t\t\t<div class=\"elementor-toc__toggle-button elementor-toc__toggle-button--collapse\"><i class=\"fas fa-chevron-up\"><\/i><\/div>\n\t\t\t\t\t<\/div>\n\t\t<div class=\"elementor-toc__body\">\n\t\t\t<div class=\"elementor-toc__spinner-container\">\n\t\t\t\t<i class=\"elementor-toc__spinner eicon-loading eicon-animation-spin\" aria-hidden=\"true\"><\/i>\n\t\t\t<\/div>\n\t\t<\/div>\n\t\t\t\t<\/div>\n\t\t\t\t<\/div>\n\t\t\t\t\t<\/div>\n\t\t<\/div>\n\t\t\t\t<div class=\"elementor-column elementor-col-66 elementor-top-column elementor-element elementor-element-6fdc0217\" data-id=\"6fdc0217\" data-element_type=\"column\">\n\t\t\t<div class=\"elementor-widget-wrap elementor-element-populated\">\n\t\t\t\t\t\t\t\t<div class=\"elementor-element elementor-element-14dc95ca elementor-widget elementor-widget-heading\" data-id=\"14dc95ca\" data-element_type=\"widget\" data-widget_type=\"heading.default\">\n\t\t\t\t<div class=\"elementor-widget-container\">\n\t\t\t<h2 class=\"elementor-heading-title elementor-size-default\">X\u00e3 h\u1ed9i \u0110\u1ee9c: C\u1edfi m\u1edf v\u00e0 \u0110a d\u1ea1ng<\/h2>\t\t<\/div>\n\t\t\t\t<\/div>\n\t\t\t\t<div class=\"elementor-element elementor-element-6695c7f6 elementor-widget elementor-widget-text-editor\" data-id=\"6695c7f6\" data-element_type=\"widget\" data-widget_type=\"text-editor.default\">\n\t\t\t\t<div class=\"elementor-widget-container\">\n\t\t\t\t\t<div class=\"elementor-text-editor elementor-clearfix\"><p>Nh\u1eefng ng\u01b0\u1eddi \u0111\u00e3 t\u1eebng \u0111\u1ebfn th\u0103m n\u01b0\u1edbc \u0110\u1ee9c \u0111\u1ec1u th\u1ea5y r\u1eb1ng \u0110\u1ee9c l\u00e0 m\u1ed9t \u0111\u1ea5t n\u01b0\u1edbc c\u1edfi m\u1edf, \u0111a d\u1ea1ng v\u1ec1 v\u0103n h\u00f3a v\u00e0 l\u00e0 m\u1ed9t \u0111\u1ea5t n\u01b0\u1edbc \u0111\u00e1ng s\u1ed1ng. \"Th\u1ebf gi\u1edbi \u0111\u1ec3 k\u1ebft b\u1ea1n\" l\u00e0 ph\u01b0\u01a1ng ch\u00e2m ch\u00ednh c\u1ee7a s\u1ef1 ki\u1ec7n b\u00f3ng \u0111\u00e1 th\u1ebf gi\u1edbi n\u0103m 2006. V\u00e0 kh\u00f4ng ch\u1ec9 \u1edf c\u00e1c s\u1ef1 ki\u1ec7n nh\u01b0 gi\u1ea3i b\u00f3ng \u0111\u00e1 \u0111\u00f3, nhi\u1ec1u ng\u01b0\u1eddi c\u00f2n r\u1ea5t ng\u1ea1c nhi\u00ean tr\u01b0\u1edbc s\u1ef1 vui v\u1ebb, th\u00e2n thi\u1ec7n v\u00e0 s\u1ef1 t\u00f2 m\u00f2 c\u1ee7a ng\u01b0\u1eddi d\u00e2n \u1edf qu\u1ed1c gia \u0111\u00f4ng d\u00e2n nh\u1ea5t Li\u00ean minh Ch\u00e2u \u00c2u n\u00e0y. H\u1ecd \u0111\u00e3 c\u00f3 th\u1ec3 th\u1ea5y r\u1eb1ng \u0111\u1ed1i v\u1edbi ng\u01b0\u1eddi \u0110\u1ee9c kh\u00f4ng ph\u1ea3i ch\u1ec9 m\u1ed7i s\u1ef1 th\u00e0nh c\u00f4ng v\u1ec1 kinh t\u1ebf l\u00e0 \u01b0u ti\u00ean h\u00e0ng \u0111\u1ea7u m\u00e0 c\u1ea3 gia \u0111\u00ecnh, b\u1ea1n b\u00e8 c\u0169ng nh\u01b0 th\u1eddi gian gi\u1ea3i tr\u00ed. H\u1ecd c\u0169ng th\u1ea5y \u0111\u01b0\u1ee3c r\u1eb1ng \u0111a ph\u1ea7n ng\u01b0\u1eddi gi\u00e0 c\u0169ng nh\u01b0 ng\u01b0\u1eddi tr\u1ebb \u0111\u1ebfn b\u00e2y gi\u1edd v\u1eabn c\u00f2n b\u00e0n lu\u1eadn v\u1ec1 qu\u00e1 kh\u1ee9 c\u1ee7a ch\u1ee7 ngh\u0129a x\u00e3 h\u1ed9i v\u00e0 c\u1ee7a th\u1eddi k\u00ec b\u1ecb chia c\u1eaft \u0110\u00f4ng-T\u00e2y cho \u0111\u1ebfn khi th\u1ed1ng nh\u1ea5t v\u00e0o n\u0103m 1990. V\u00e0 h\u1ec7 qu\u1ea3 c\u1ee7a vi\u1ec7c lu\u00f4n \u0111au \u0111\u00e1u v\u1ec1 qu\u00e1 kh\u1ee9 \u0111\u00e3 s\u1ea3n sinh ra m\u1ed9t n\u1ec1n v\u0103n h\u00f3a h\u1ed3i t\u01b0\u1edfng s\u1ed1ng \u0111\u1ed9ng c\u0169ng nh\u01b0 s\u1ef1 g\u1eafn b\u00f3 s\u00e2u s\u1eafc v\u1edbi nh\u1eefng gi\u00e1 tr\u1ecb c\u01a1 b\u1ea3n nh\u01b0 \u0111o\u00e0n k\u1ebft v\u00e0 t\u00f4n tr\u1ecdng s\u1ef1 \u0111a d\u1ea1ng.<\/p><p>Do \u0111\u00f3, kh\u00f4ng c\u00f3 g\u00ec ng\u1ea1c nhi\u00ean khi \u0110\u1ee9c t\u1eeb l\u00e2u \u0111\u00e3 tr\u1edf th\u00e0nh m\u1ed9t qu\u1ed1c gia nh\u1eadp c\u01b0. Nh\u1eefng con s\u1ed1 n\u00f3i l\u00ean s\u1ef1 \u0111a d\u1ea1ng c\u1ee7a \u0111\u1ea5t n\u01b0\u1edbc n\u00e0y c\u00f3 th\u1ec3 khi\u1ebfn m\u1ed9t s\u1ed1 ng\u01b0\u1eddi ng\u1ea1c nhi\u00ean. Trong t\u1ed5ng s\u1ed1 82,87 tri\u1ec7u ng\u01b0\u1eddi \u1edf \u0110\u1ee9c, 10,96 tri\u1ec7u ng\u01b0\u1eddi c\u00f3 h\u1ed9 chi\u1ebfu n\u01b0\u1edbc ngo\u00e0i - nhi\u1ec1u h\u01a1n b\u1ea5t k\u00ec qu\u1ed1c gia n\u00e0o kh\u00e1c trong s\u1ed1 28 n\u01b0\u1edbc c\u1ee7a kh\u1ed1i EU. N\u1ebfu t\u00ednh th\u00eam nh\u1eefng ng\u01b0\u1eddi c\u00f3 qu\u1ed1c t\u1ecbch \u0110\u1ee9c nh\u01b0ng kh\u00f4ng sinh ra \u1edf \u0110\u1ee9c ho\u1eb7c c\u00f3 b\u1ed1 m\u1eb9 l\u00e0 ng\u01b0\u1eddi nh\u1eadp c\u01b0, th\u00ec h\u01a1n 20 tri\u1ec7u ng\u01b0\u1eddi \u1edf \u0110\u1ee9c c\u00f3 ngu\u1ed3n g\u1ed1c di c\u01b0. \u0110i\u1ec1u n\u00e0y c\u00f3 ngh\u0129a l\u00e0 g\u1ea7n 1\/5 d\u00e2n s\u1ed1 \u0110\u1ee9c c\u00f3 ngu\u1ed3n g\u1ed1c ngo\u1ea1i lai.<\/p><p>S\u1ef1 \u0111a d\u1ea1ng v\u0103n h\u00f3a ng\u00e0y c\u00e0ng t\u0103ng m\u1ed9t m\u1eb7t l\u00e0 th\u00e1ch th\u1ee9c x\u00e3 h\u1ed9i v\u00e0 ch\u00ednh tr\u1ecb \u0111\u1ed1i v\u1edbi n\u01b0\u1edbc \u0110\u1ee9c, m\u1eb7t kh\u00e1c th\u1ec3 hi\u1ec7n c\u01a1 h\u1ed9i \u0111\u1ec3 thi\u1ebft l\u1eadp m\u1ed9t cu\u1ed9c s\u1ed1ng chung h\u00f2a b\u00ecnh gi\u1eefa ng\u01b0\u1eddi \u0110\u1ee9c v\u00e0 ng\u01b0\u1eddi nh\u1eadp c\u01b0 \u1edf trung t\u00e2m ch\u00e2u \u00c2u ch\u1ee7 \u0111\u1ed9ng, t\u00edch c\u1ef1c v\u00e0 h\u01b0\u1edbng t\u1edbi t\u01b0\u01a1ng lai t\u1ed1t \u0111\u1eb9p.<\/p><p><\/p><\/div>\n\t\t\t\t<\/div>\n\t\t\t\t<\/div>\n\t\t\t\t<div class=\"elementor-element elementor-element-5af2bd32 elementor-widget elementor-widget-heading\" data-id=\"5af2bd32\" data-element_type=\"widget\" data-widget_type=\"heading.default\">\n\t\t\t\t<div class=\"elementor-widget-container\">\n\t\t\t<h2 class=\"elementor-heading-title elementor-size-default\">\u0110\u00e0o t\u1ea1o K\u00e9p - C\u00e1nh c\u1eeda m\u1edf r\u1ed9ng T\u01b0\u01a1ng lai<\/h2>\t\t<\/div>\n\t\t\t\t<\/div>\n\t\t\t\t<div class=\"elementor-element elementor-element-1bf161b5 elementor-widget elementor-widget-text-editor\" data-id=\"1bf161b5\" data-element_type=\"widget\" data-widget_type=\"text-editor.default\">\n\t\t\t\t<div class=\"elementor-widget-container\">\n\t\t\t\t\t<div class=\"elementor-text-editor elementor-clearfix\"><p>Sau c\u00e1c qu\u1ed1c gia trong kh\u1ed1i Ch\u00e2u \u00c2u, th\u00ec c\u00e1c qu\u1ed1c gia Ch\u00e2u \u00c1 \u0111ang ph\u00e1t tri\u1ec3n l\u00e0 n\u01a1i n\u01b0\u1edbc \u0110\u1ee9c m\u1edf c\u1eeda lao \u0111\u1ed9ng cho nh\u00e2n s\u1ef1 c\u00e1c ng\u00e0nh ngh\u1ec1 Nh\u00e0 h\u00e0ng kh\u00e1ch s\u1ea1n, \u0110\u1ea7u b\u1ebfp, C\u01a1 kh\u00ed \u0111i\u1ec7n t\u1eed v\u00e0 \u0111\u1eb7c bi\u1ec7t \u01b0u ti\u00ean trong s\u1ed1 \u0111\u00f3 l\u00e0 ng\u00e0nh \u0110i\u1ec1u d\u01b0\u1ee1ng. B\u00ean c\u1ea1nh \u0111\u1ee7 chi tr\u1ea3 cho chi ph\u00ed cu\u1ed9c s\u1ed1ng c\u00f9ng vi\u1ec7c \u0111\u1ee7 ti\u1ebft ki\u1ec7m, c\u00e1c b\u1ea1n ho\u00e0n to\u00e0n n\u1eafm ch\u1eafc th\u00eam c\u01a1 h\u1ed9i \u0110\u1ecbnh c\u01b0 v\u0129nh vi\u1ec5n t\u1ea1i \u0110\u1ee9c v\u1ec1 sau. Ch\u1ec9 c\u1ea7n h\u1ecdc vi\u00ean \u0111\u00e3 t\u1ed1t nghi\u1ec7p c\u1ea5p 3 v\u00e0 s\u1ee9c kho\u1ebb t\u1ed1t, kh\u00f4ng b\u1ecb b\u1ec7nh truy\u1ec1n nhi\u1ec5m \u0111\u00e3 c\u00f3 ngay v\u00e0 lu\u00f4n \u0111\u0103ng k\u00ed du h\u1ecdc ngh\u1ec1 t\u1ea1i \u0110\u1ee9c. Th\u00eam n\u1eefa, c\u00e1c ch\u01b0\u01a1ng tr\u00ecnh du h\u1ecdc ngh\u1ec1 kh\u00f4ng y\u00eau c\u1ea7u \u0111i\u1ec3m thi t\u1ed1t nghi\u1ec7p ho\u1eb7c h\u1ecdc l\u1ef1c trung b\u00ecnh m\u1ed7i n\u0103m, v\u00ec th\u1ebf ho\u00e0n to\u00e0n ph\u00f9 h\u1ee3p cho t\u1ea5t c\u1ea3 \u0111\u1ed1i t\u01b0\u1ee3ng. T\u1eeb n\u0103m 2020, \u0111i\u1ec1u ki\u1ec7n ch\u1ee9ng minh t\u00e0i ch\u00ednh v\u1edbi du h\u1ecdc ngh\u1ec1 \u0111\u00e3 \u0111\u01a1n gi\u1ea3n ho\u00e1 v\u00e0 y\u00eau c\u1ea7u th\u1ea5p h\u01a1n nhi\u1ec1u so v\u1edbi du h\u1ecdc \u0111\u1ea1i h\u1ecdc.<\/p><p>Vietnam steht ab 2011 auf der Liste der ausgew\u00e4hlten Piloten und hat aufgrund seiner jungen und kompetenten Humanressourcen weiterhin Vorrang. Viele vietnamesische Studenten haben offizielle Arbeitspl\u00e4tze in Unternehmen, Hotels, Restaurants, Krankenh\u00e4usern und Pflegeheimen mit guten Bruttogeh\u00e4ltern von 2000 bis 3000 Euro monatlich gefunden. Sie haben nicht nur genug Geld f\u00fcr Lebenshaltungskosten und Ersparnisse, sondern auch eine sichere Chance, sich sp\u00e4ter dauerhaft in Deutschland niederzulassen.<\/p><p><\/p><\/div>\n\t\t\t\t<\/div>\n\t\t\t\t<\/div>\n\t\t\t\t<div class=\"elementor-element elementor-element-73e88f50 elementor-widget elementor-widget-heading\" data-id=\"73e88f50\" data-element_type=\"widget\" data-widget_type=\"heading.default\">\n\t\t\t\t<div class=\"elementor-widget-container\">\n\t\t\t<h2 class=\"elementor-heading-title elementor-size-default\">Ti\u1ebft ki\u1ec7m chi ph\u00ed khi du h\u1ecdc ngh\u1ec1 t\u1ea1i \u0110\u1ee9c<\/h2>\t\t<\/div>\n\t\t\t\t<\/div>\n\t\t\t\t<div class=\"elementor-element elementor-element-2200df1 elementor-widget elementor-widget-text-editor\" data-id=\"2200df1\" data-element_type=\"widget\" data-widget_type=\"text-editor.default\">\n\t\t\t\t<div class=\"elementor-widget-container\">\n\t\t\t\t\t<div class=\"elementor-text-editor elementor-clearfix\"><p>So v\u1edbi vi\u1ec7c h\u1ecdc \u0111\u1ea1i h\u1ecdc v\u00e0 t\u1ed1t nghi\u1ec7p trong v\u00f2ng 4 \u0111\u1ebfn 5 n\u0103m \u1edf c\u00e1c qu\u1ed1c gia nh\u01b0 M\u1ef9, Canada, \u00dac, Anh v\u1edbi chi ph\u00ed c\u1ef1c k\u1ef3 \u0111\u1eaft \u0111\u1ecf, du h\u1ecdc ngh\u1ec1 t\u1ea1i \u0110\u1ee9c k\u00e9o d\u00e0i 3 n\u0103m v\u00e0 \u0111a ph\u1ea7n \u0111\u01b0\u1ee3c h\u01b0\u1edfng ch\u00ednh s\u00e1ch gi\u00e1o d\u1ee5c mi\u1ec5n ph\u00ed. Ch\u01b0a k\u1ec3 \u0111\u1ebfn vi\u1ec7c v\u1eeba h\u1ecdc v\u1eeba l\u00e0m nh\u1eadn l\u01b0\u01a1ng v\u1edbi kho\u1ea3n t\u1eeb 800 \u0111\u1ebfn 1000 Euro h\u00e0ng th\u00e1ng, h\u1ecdc vi\u00ean c\u00f3 th\u1ec3 t\u1ef1 chi tr\u1ea3 c\u00e1c chi ph\u00ed sinh ho\u1ea1t t\u1ea1i \u0110\u1ee9c h\u00e0ng th\u00e1ng dao \u0111\u1ed9ng t\u1eeb 500 \u0111\u1ebfn 700 euro. T\u00f9y theo c\u00e1ch chi ti\u00eau ti\u1ebft ki\u1ec7m c\u00e1 nh\u00e2n, h\u1ecdc vi\u00ean c\u00f3 th\u1ec3 \u0111\u1ec3 d\u00e0nh l\u00ean \u0111\u1ebfn tr\u0103m tri\u1ec7u ho\u1eb7c ti\u1ec1n t\u1ef7 VN\u0110 t\u01b0\u01a1ng \u0111\u01b0\u01a1ng trong \u00edt nh\u1ea5t 3 n\u0103m du h\u1ecdc ngh\u1ec1.<\/p><p><\/p><\/div>\n\t\t\t\t<\/div>\n\t\t\t\t<\/div>\n\t\t\t\t<div class=\"elementor-element elementor-element-6d33df37 elementor-widget elementor-widget-heading\" data-id=\"6d33df37\" data-element_type=\"widget\" data-widget_type=\"heading.default\">\n\t\t\t\t<div class=\"elementor-widget-container\">\n\t\t\t<h2 class=\"elementor-heading-title elementor-size-default\">Ti\u1ebft ki\u1ec7m th\u1eddi gian so v\u1edbi h\u1ecdc \u0111\u1ea1i h\u1ecdc<\/h2>\t\t<\/div>\n\t\t\t\t<\/div>\n\t\t\t\t<div class=\"elementor-element elementor-element-4b9c3d17 elementor-widget elementor-widget-text-editor\" data-id=\"4b9c3d17\" data-element_type=\"widget\" data-widget_type=\"text-editor.default\">\n\t\t\t\t<div class=\"elementor-widget-container\">\n\t\t\t\t\t<div class=\"elementor-text-editor elementor-clearfix\"><p>Nh\u01b0 \u0111\u00e3 n\u00f3i \u1edf tr\u00ean, trong khi h\u1ecdc ngh\u1ec1 ch\u1ec9 m\u1ea5t 3 n\u0103m th\u00ec \u0111\u1ea1i h\u1ecdc t\u1ea1i \u0110\u1ee9c l\u00e0 \u00edt nh\u1ea5t 4 n\u0103m v\u00e0 k\u00e9o d\u00e0i t\u1edbi 7-8 n\u0103m. Do ch\u01b0\u01a1ng tr\u00ecnh \u0110\u1ea1i h\u1ecdc kh\u00f3 n\u00ean nhi\u1ec1u h\u1ecdc vi\u00ean kh\u00f4ng ho\u00e0n th\u00e0nh \u0111\u01b0\u1ee3c qu\u00e1 tr\u00ecnh h\u1ecdc. V\u00ec th\u1ebf th\u1eddi gian t\u1ed1t nghi\u1ec7p du h\u1ecdc ngh\u1ec1 nhanh h\u01a1n, \u0111\u1ed3ng ngh\u0129a v\u1edbi vi\u1ec7c ti\u1ebft ki\u1ec7m chi ph\u00ed trong qu\u00e1 tr\u00ecnh h\u1ecdc. \u0110\u1ed3ng th\u1eddi ra tr\u01b0\u1eddng s\u1edbm ki\u1ebfm thu nh\u1eadp nhanh h\u01a1n.<\/p><p><\/p><\/div>\n\t\t\t\t<\/div>\n\t\t\t\t<\/div>\n\t\t\t\t<div class=\"elementor-element elementor-element-5c589095 elementor-widget elementor-widget-spacer\" data-id=\"5c589095\" data-element_type=\"widget\" data-widget_type=\"spacer.default\">\n\t\t\t\t<div class=\"elementor-widget-container\">\n\t\t\t\t\t<div class=\"elementor-spacer\">\n\t\t\t<div class=\"elementor-spacer-inner\"><\/div>\n\t\t<\/div>\n\t\t\t\t<\/div>\n\t\t\t\t<\/div>\n\t\t\t\t<div class=\"elementor-element elementor-element-7f201d00 elementor-align-center elementor-widget elementor-widget-button\" data-id=\"7f201d00\" data-element_type=\"widget\" data-widget_type=\"button.default\">\n\t\t\t\t<div class=\"elementor-widget-container\">\n\t\t\t\t\t<div class=\"elementor-button-wrapper\">\n\t\t\t<a href=\"https:\/\/vn.gedu.eu\/fur-azubi-kandidaten\/\" class=\"elementor-button-link elementor-button elementor-size-sm elementor-animation-shrink\" role=\"button\">\n\t\t\t\t\t\t<span class=\"elementor-button-content-wrapper\">\n\t\t\t\t\t\t<span class=\"elementor-button-icon elementor-align-icon-left\">\n\t\t\t\t<i aria-hidden=\"true\" class=\"far fa-check-circle\"><\/i>\t\t\t<\/span>\n\t\t\t\t\t\t<span class=\"elementor-button-text\">\u0110\u0103ng k\u00fd ngay<\/span>\n\t\t<\/span>\n\t\t\t\t\t<\/a>\n\t\t<\/div>\n\t\t\t\t<\/div>\n\t\t\t\t<\/div>\n\t\t\t\t<div class=\"elementor-element elementor-element-24e9ce34 elementor-widget elementor-widget-spacer\" data-id=\"24e9ce34\" data-element_type=\"widget\" data-widget_type=\"spacer.default\">\n\t\t\t\t<div class=\"elementor-widget-container\">\n\t\t\t\t\t<div class=\"elementor-spacer\">\n\t\t\t<div class=\"elementor-spacer-inner\"><\/div>\n\t\t<\/div>\n\t\t\t\t<\/div>\n\t\t\t\t<\/div>\n\t\t\t\t\t<\/div>\n\t\t<\/div>\n\t\t\t\t\t\t\t<\/div>\n\t\t<\/section>\n\t\t\t\t\t\t<\/div>\n\t\t\t\t\t<\/div>","protected":false},"excerpt":{"rendered":"<p>Warum Ausbildung in Deutschland? Chance &amp; Vorteile JETZT BEWERBEN Das Wichtigste in K\u00fcrze Deutsche Gesellschaft: Weltoffenheit und gelebte Vielfalt Viele Besucher erleben Deutschland als ein weltoffenes, kulturell vielf\u00e4ltiges und lebenswertes Land. Und das nicht nur bei Events wie der Fu\u00dfballweltmeisterschaft 2006. \u201eDie Welt zu Gast bei Freunden\u201c hie\u00df damals das offizielle Motto des Fu\u00dfballevents. Und [&hellip;]<\/p>","protected":false},"author":2,"featured_media":0,"parent":0,"menu_order":0,"comment_status":"closed","ping_status":"closed","template":"elementor_header_footer","meta":{"footnotes":""},"class_list":["post-1992","page","type-page","status-publish","hentry","wpbf-post"],"_links":{"self":[{"href":"https:\/\/gedu.eu\/vi\/wp-json\/wp\/v2\/pages\/1992","targetHints":{"allow":["GET"]}}],"collection":[{"href":"https:\/\/gedu.eu\/vi\/wp-json\/wp\/v2\/pages"}],"about":[{"href":"https:\/\/gedu.eu\/vi\/wp-json\/wp\/v2\/types\/page"}],"author":[{"embeddable":true,"href":"https:\/\/gedu.eu\/vi\/wp-json\/wp\/v2\/users\/2"}],"replies":[{"embeddable":true,"href":"https:\/\/gedu.eu\/vi\/wp-json\/wp\/v2\/comments?post=1992"}],"version-history":[{"count":19,"href":"https:\/\/gedu.eu\/vi\/wp-json\/wp\/v2\/pages\/1992\/revisions"}],"predecessor-version":[{"id":3433,"href":"https:\/\/gedu.eu\/vi\/wp-json\/wp\/v2\/pages\/1992\/revisions\/3433"}],"wp:attachment":[{"href":"https:\/\/gedu.eu\/vi\/wp-json\/wp\/v2\/media?parent=1992"}],"curies":[{"name":"wp","href":"https:\/\/api.w.org\/{rel}","templated":true}]}}