{"id":1993,"date":"2021-03-12T10:08:16","date_gmt":"2021-03-12T10:08:16","guid":{"rendered":"https:\/\/vn.gedu.eu\/?page_id=1993"},"modified":"2021-05-04T07:05:49","modified_gmt":"2021-05-04T05:05:49","slug":"herausvorderungen","status":"publish","type":"page","link":"https:\/\/gedu.eu\/vi\/herausvorderungen\/","title":{"rendered":"Kh\u00f3 kh\u0103n v\u00e0 th\u1eed th\u00e1ch"},"content":{"rendered":"<div data-elementor-type=\"wp-page\" data-elementor-id=\"1993\" class=\"elementor elementor-1993\" data-elementor-settings=\"[]\">\n\t\t\t\t\t\t\t<div class=\"elementor-section-wrap\">\n\t\t\t\t\t\t\t<section class=\"elementor-section elementor-top-section elementor-element elementor-element-4116ea83 elementor-section-stretched elementor-section-boxed elementor-section-height-default elementor-section-height-default\" data-id=\"4116ea83\" data-element_type=\"section\" data-settings=\"{&quot;background_background&quot;:&quot;classic&quot;,&quot;stretch_section&quot;:&quot;section-stretched&quot;}\">\n\t\t\t\t\t\t<div class=\"elementor-container elementor-column-gap-no\">\n\t\t\t\t\t<div class=\"elementor-column elementor-col-50 elementor-top-column elementor-element elementor-element-14600ff0\" data-id=\"14600ff0\" data-element_type=\"column\">\n\t\t\t<div class=\"elementor-widget-wrap elementor-element-populated\">\n\t\t\t\t\t\t\t\t<div class=\"elementor-element elementor-element-183b5605 elementor-widget elementor-widget-spacer\" data-id=\"183b5605\" data-element_type=\"widget\" data-widget_type=\"spacer.default\">\n\t\t\t\t<div class=\"elementor-widget-container\">\n\t\t\t\t\t<div class=\"elementor-spacer\">\n\t\t\t<div class=\"elementor-spacer-inner\"><\/div>\n\t\t<\/div>\n\t\t\t\t<\/div>\n\t\t\t\t<\/div>\n\t\t\t\t<div class=\"elementor-element elementor-element-1e84c451 elementor-widget elementor-widget-heading\" data-id=\"1e84c451\" data-element_type=\"widget\" data-widget_type=\"heading.default\">\n\t\t\t\t<div class=\"elementor-widget-container\">\n\t\t\t<p class=\"elementor-heading-title elementor-size-default\">NO PAIN - NO GAIN<\/p>\t\t<\/div>\n\t\t\t\t<\/div>\n\t\t\t\t<div class=\"elementor-element elementor-element-303b8850 elementor-widget elementor-widget-heading\" data-id=\"303b8850\" data-element_type=\"widget\" data-widget_type=\"heading.default\">\n\t\t\t\t<div class=\"elementor-widget-container\">\n\t\t\t<p class=\"elementor-heading-title elementor-size-default\">Th\u1eed th\u00e1ch h\u1ecdc Ngh\u1ec1<\/p>\t\t<\/div>\n\t\t\t\t<\/div>\n\t\t\t\t<div class=\"elementor-element elementor-element-6765a5c6 elementor-widget__width-initial elementor-widget elementor-widget-image\" data-id=\"6765a5c6\" data-element_type=\"widget\" data-widget_type=\"image.default\">\n\t\t\t\t<div class=\"elementor-widget-container\">\n\t\t\t\t\t<div class=\"elementor-image\">\n\t\t\t\t\t\t\t\t\t\t<img loading=\"lazy\" decoding=\"async\" width=\"24\" height=\"44\" src=\"https:\/\/gedu.eu\/wp-content\/uploads\/2021\/03\/handdrawn_arrow_white_sm.png\" class=\"attachment-large size-large\" alt=\"\" \/>\t\t\t\t\t\t\t\t\t\t\t<\/div>\n\t\t\t\t<\/div>\n\t\t\t\t<\/div>\n\t\t\t\t<div class=\"elementor-element elementor-element-1be32075 elementor-align-center elementor-widget elementor-widget-button\" data-id=\"1be32075\" data-element_type=\"widget\" data-widget_type=\"button.default\">\n\t\t\t\t<div class=\"elementor-widget-container\">\n\t\t\t\t\t<div class=\"elementor-button-wrapper\">\n\t\t\t<a href=\"https:\/\/vn.gedu.eu\/fur-azubi-kandidaten\/\" class=\"elementor-button-link elementor-button elementor-size-sm elementor-animation-shrink\" role=\"button\">\n\t\t\t\t\t\t<span class=\"elementor-button-content-wrapper\">\n\t\t\t\t\t\t<span class=\"elementor-button-icon elementor-align-icon-left\">\n\t\t\t\t<i aria-hidden=\"true\" class=\"far fa-check-circle\"><\/i>\t\t\t<\/span>\n\t\t\t\t\t\t<span class=\"elementor-button-text\">\u0110\u0103ng k\u00fd ngay<\/span>\n\t\t<\/span>\n\t\t\t\t\t<\/a>\n\t\t<\/div>\n\t\t\t\t<\/div>\n\t\t\t\t<\/div>\n\t\t\t\t\t<\/div>\n\t\t<\/div>\n\t\t\t\t<div class=\"elementor-column elementor-col-50 elementor-top-column elementor-element elementor-element-377e2b38\" data-id=\"377e2b38\" data-element_type=\"column\">\n\t\t\t<div class=\"elementor-widget-wrap\">\n\t\t\t\t\t\t\t\t\t<\/div>\n\t\t<\/div>\n\t\t\t\t\t\t\t<\/div>\n\t\t<\/section>\n\t\t\t\t<section class=\"elementor-section elementor-top-section elementor-element elementor-element-7ac4be8e elementor-section-boxed elementor-section-height-default elementor-section-height-default\" data-id=\"7ac4be8e\" data-element_type=\"section\">\n\t\t\t\t\t\t<div class=\"elementor-container elementor-column-gap-default\">\n\t\t\t\t\t<div class=\"elementor-column elementor-col-100 elementor-top-column elementor-element elementor-element-5e0ccf1a\" data-id=\"5e0ccf1a\" data-element_type=\"column\">\n\t\t\t<div class=\"elementor-widget-wrap elementor-element-populated\">\n\t\t\t\t\t\t\t\t<div class=\"elementor-element elementor-element-2db3ebf8 elementor-widget elementor-widget-spacer\" data-id=\"2db3ebf8\" data-element_type=\"widget\" data-widget_type=\"spacer.default\">\n\t\t\t\t<div class=\"elementor-widget-container\">\n\t\t\t\t\t<div class=\"elementor-spacer\">\n\t\t\t<div class=\"elementor-spacer-inner\"><\/div>\n\t\t<\/div>\n\t\t\t\t<\/div>\n\t\t\t\t<\/div>\n\t\t\t\t\t<\/div>\n\t\t<\/div>\n\t\t\t\t\t\t\t<\/div>\n\t\t<\/section>\n\t\t\t\t<section class=\"elementor-section elementor-top-section elementor-element elementor-element-1a7ff20a elementor-section-boxed elementor-section-height-default elementor-section-height-default\" data-id=\"1a7ff20a\" data-element_type=\"section\">\n\t\t\t\t\t\t<div class=\"elementor-container elementor-column-gap-default\">\n\t\t\t\t\t<div class=\"elementor-column elementor-col-33 elementor-top-column elementor-element elementor-element-34078c6b\" data-id=\"34078c6b\" data-element_type=\"column\">\n\t\t\t<div class=\"elementor-widget-wrap elementor-element-populated\">\n\t\t\t\t\t\t\t\t<div class=\"elementor-element elementor-element-3497829b elementor-toc--minimized-on-tablet elementor-widget elementor-widget-table-of-contents\" data-id=\"3497829b\" data-element_type=\"widget\" data-settings=\"{&quot;exclude_headings_by_selector&quot;:[],&quot;sticky&quot;:&quot;top&quot;,&quot;headings_by_tags&quot;:[&quot;h2&quot;,&quot;h3&quot;,&quot;h4&quot;,&quot;h5&quot;,&quot;h6&quot;],&quot;marker_view&quot;:&quot;numbers&quot;,&quot;minimize_box&quot;:&quot;yes&quot;,&quot;minimized_on&quot;:&quot;tablet&quot;,&quot;hierarchical_view&quot;:&quot;yes&quot;,&quot;min_height&quot;:{&quot;unit&quot;:&quot;px&quot;,&quot;size&quot;:&quot;&quot;,&quot;sizes&quot;:[]},&quot;min_height_tablet&quot;:{&quot;unit&quot;:&quot;px&quot;,&quot;size&quot;:&quot;&quot;,&quot;sizes&quot;:[]},&quot;min_height_mobile&quot;:{&quot;unit&quot;:&quot;px&quot;,&quot;size&quot;:&quot;&quot;,&quot;sizes&quot;:[]},&quot;sticky_on&quot;:[&quot;desktop&quot;,&quot;tablet&quot;,&quot;mobile&quot;],&quot;sticky_offset&quot;:0,&quot;sticky_effects_offset&quot;:0}\" data-widget_type=\"table-of-contents.default\">\n\t\t\t\t<div class=\"elementor-widget-container\">\n\t\t\t\t\t<div class=\"elementor-toc__header\">\n\t\t\t<h4 class=\"elementor-toc__header-title\">N\u1ed9i dung<\/h4>\t\t\t\t\t\t\t<div class=\"elementor-toc__toggle-button elementor-toc__toggle-button--expand\"><i class=\"fas fa-chevron-down\"><\/i><\/div>\n\t\t\t\t<div class=\"elementor-toc__toggle-button elementor-toc__toggle-button--collapse\"><i class=\"fas fa-chevron-up\"><\/i><\/div>\n\t\t\t\t\t<\/div>\n\t\t<div class=\"elementor-toc__body\">\n\t\t\t<div class=\"elementor-toc__spinner-container\">\n\t\t\t\t<i class=\"elementor-toc__spinner eicon-loading eicon-animation-spin\" aria-hidden=\"true\"><\/i>\n\t\t\t<\/div>\n\t\t<\/div>\n\t\t\t\t<\/div>\n\t\t\t\t<\/div>\n\t\t\t\t\t<\/div>\n\t\t<\/div>\n\t\t\t\t<div class=\"elementor-column elementor-col-66 elementor-top-column elementor-element elementor-element-1064f3d4\" data-id=\"1064f3d4\" data-element_type=\"column\">\n\t\t\t<div class=\"elementor-widget-wrap elementor-element-populated\">\n\t\t\t\t\t\t\t\t<div class=\"elementor-element elementor-element-40b8b8c elementor-widget elementor-widget-text-editor\" data-id=\"40b8b8c\" data-element_type=\"widget\" data-widget_type=\"text-editor.default\">\n\t\t\t\t<div class=\"elementor-widget-container\">\n\t\t\t\t\t<div class=\"elementor-text-editor elementor-clearfix\">Khi c\u00f3 c\u01a1 h\u1ed9i, c\u00e1c th\u00e1ch th\u1ee9c kh\u00f3 kh\u0103n c\u0169ng t\u1ed3n t\u1ea1i song song n\u00ean h\u1ecdc vi\u00ean c\u1ea7n ch\u00fa \u00fd, t\u00ecm hi\u1ec3u \u0111\u1ec3 c\u00f3 s\u1ef1 chu\u1ea9n b\u1ecb t\u1ed1t h\u01a1n.<\/div>\n\t\t\t\t<\/div>\n\t\t\t\t<\/div>\n\t\t\t\t<div class=\"elementor-element elementor-element-30823c4a elementor-widget elementor-widget-heading\" data-id=\"30823c4a\" data-element_type=\"widget\" data-widget_type=\"heading.default\">\n\t\t\t\t<div class=\"elementor-widget-container\">\n\t\t\t<h2 class=\"elementor-heading-title elementor-size-default\">R\u00e0o c\u1ea3n ng\u00f4n ng\u1eef<\/h2>\t\t<\/div>\n\t\t\t\t<\/div>\n\t\t\t\t<div class=\"elementor-element elementor-element-c6630c3 elementor-widget elementor-widget-text-editor\" data-id=\"c6630c3\" data-element_type=\"widget\" data-widget_type=\"text-editor.default\">\n\t\t\t\t<div class=\"elementor-widget-container\">\n\t\t\t\t\t<div class=\"elementor-text-editor elementor-clearfix\"><p>Theo y\u00eau c\u1ea7u c\u1ea7n thi\u1ebft cho du h\u1ecdc ngh\u1ec1, h\u1ecdc vi\u00ean ph\u1ea3i c\u00f3 t\u1ed1i thi\u1ec3u b\u1eb1ng B1 \u0111\u1ec3 \u0111\u1ee7 \u0111i\u1ec1u ki\u1ec7n xin visa du h\u1ecdc t\u1ea1i \u0110\u1ee9c. Tuy nhi\u00ean, khi \u0111\u1ebfn \u0110\u1ee9c, b\u1ea1n c\u1ea7n ti\u1ebfp t\u1ee5c n\u00e2ng cao kh\u1ea3 n\u0103ng ngo\u1ea1i ng\u1eef c\u1ee7a m\u00ecnh \u0111\u1ea1t \u0111\u01b0\u1ee3c ch\u1ee9ng ch\u1ec9 B2 \u0111\u1ec3 \u0111\u1ee7 kh\u1ea3 n\u0103ng tham gia ch\u01b0\u01a1ng tr\u00ecnh h\u1ecdc t\u1ea1i tr\u01b0\u1eddng ngh\u1ec1. M\u1eb7c d\u00f9 c\u00f3 ch\u1ee9ng ch\u1ec9 B2 hay C1 c\u0169ng ch\u01b0a \u0111\u1ea3m b\u1ea3o vi\u1ec7c d\u1ec5 d\u00e0ng trong giao ti\u1ebfp c\u00f9ng ng\u01b0\u1eddi b\u1ea3n x\u1ee9, v\u00ec th\u1ebf b\u1ea1n c\u1ea7n th\u1eddi gian l\u00e0m quen v\u00e0 ki\u00ean nh\u1eabn kh\u00f4ng ng\u1eebng luy\u1ec7n t\u1eadp.<\/p><p><\/p><\/div>\n\t\t\t\t<\/div>\n\t\t\t\t<\/div>\n\t\t\t\t<div class=\"elementor-element elementor-element-5e4bae86 elementor-widget elementor-widget-heading\" data-id=\"5e4bae86\" data-element_type=\"widget\" data-widget_type=\"heading.default\">\n\t\t\t\t<div class=\"elementor-widget-container\">\n\t\t\t<h2 class=\"elementor-heading-title elementor-size-default\">Xa gia \u0111\u00ecnh v\u00e0 kh\u00e1c bi\u1ec7t v\u0103n h\u00f3a<\/h2>\t\t<\/div>\n\t\t\t\t<\/div>\n\t\t\t\t<div class=\"elementor-element elementor-element-54f41616 elementor-widget elementor-widget-text-editor\" data-id=\"54f41616\" data-element_type=\"widget\" data-widget_type=\"text-editor.default\">\n\t\t\t\t<div class=\"elementor-widget-container\">\n\t\t\t\t\t<div class=\"elementor-text-editor elementor-clearfix\"><p>Khi \u0111\u1eb7t ch\u00e2n \u0111\u1ebfn \u0110\u1ee9c m\u1ed9t m\u00ecnh, kh\u00f4ng c\u00f3 gia \u0111\u00ecnh b\u1ea1n b\u00e8 b\u00ean c\u1ea1nh song song vi\u1ec7c ph\u1ea3i ti\u1ebfp x\u00fac n\u1ec1n v\u0103n ho\u00e1 kh\u00e1c bi\u1ec7t c\u00f9ng r\u00e0o c\u1ea3n ng\u00f4n ng\u1eef s\u1ebd l\u00e0 kho\u1ea3ng th\u1eddi gian th\u1ef1c s\u1ef1 kh\u00f3 kh\u0103n \u0111\u1ed1i v\u1edbi h\u1ea7u h\u1ebft t\u1ea5t c\u1ea3 m\u1ecdi ng\u01b0\u1eddi.<\/p><p><\/p><\/div>\n\t\t\t\t<\/div>\n\t\t\t\t<\/div>\n\t\t\t\t<div class=\"elementor-element elementor-element-1b0d535f elementor-widget elementor-widget-heading\" data-id=\"1b0d535f\" data-element_type=\"widget\" data-widget_type=\"heading.default\">\n\t\t\t\t<div class=\"elementor-widget-container\">\n\t\t\t<h2 class=\"elementor-heading-title elementor-size-default\">Di chuy\u1ec3n t\u1ed1n th\u1eddi gian<\/h2>\t\t<\/div>\n\t\t\t\t<\/div>\n\t\t\t\t<div class=\"elementor-element elementor-element-14768db0 elementor-widget elementor-widget-text-editor\" data-id=\"14768db0\" data-element_type=\"widget\" data-widget_type=\"text-editor.default\">\n\t\t\t\t<div class=\"elementor-widget-container\">\n\t\t\t\t\t<div class=\"elementor-text-editor elementor-clearfix\"><p>C\u00f3 th\u1ec3 c\u00e1c b\u1ea1n h\u1ecdc vi\u00ean ngh\u0129 r\u1eb1ng m\u00ecnh s\u1ebd ch\u1ecdn th\u00e0nh ph\u1ed1 l\u1edbn hay th\u1ee7 \u0111\u00f4 Berlin n\u00e1o nhi\u1ec7t \u0111\u00f4ng \u0111\u00fac c\u1ee7a \u0110\u1ee9c, c\u0169ng nh\u01b0 mong mu\u1ed1n vi\u1ec7c thu\u00ea nh\u00e0 t\u1ea1i c\u00e1c qu\u1eadn trung t\u00e2m m\u00e0 b\u1ecf qua v\u1ec1 di\u1ec7n t\u00edch l\u00e3nh th\u1ed5 r\u1ed9ng l\u1edbn c\u1ee7a qu\u1ed1c gia n\u00e0y. C\u00e1c tr\u01b0\u1eddng h\u1ecdc ngh\u1ec1 nh\u00e0 h\u00e0ng kh\u00e1ch s\u1ea1n l\u1edbn ho\u1eb7c b\u1ec7nh vi\u1ec7n th\u00ec th\u01b0\u1eddng kh\u00f4ng \u0111\u1eb7t t\u1ea1i c\u00e1c th\u00e0nh ph\u1ed1 l\u1edbn hay th\u1ee7 \u0111\u00f4 c\u0169ng nh\u01b0 t\u1ea1i c\u00e1c khu v\u1ef1c trung t\u00e2m. Do \u0111\u00f3 vi\u1ec7c di chuy\u1ec3n \u0111i h\u1ecdc ho\u1eb7c \u0111i l\u00e0m th\u1ef1c t\u1eadp s\u1ebd t\u1ed1n r\u1ea5t nhi\u1ec1u th\u1eddi gian l\u00ean \u0111\u1ebfn nhi\u1ec1u gi\u1edd \u0111\u1ed3ng h\u1ed3.<\/p><p><\/p><\/div>\n\t\t\t\t<\/div>\n\t\t\t\t<\/div>\n\t\t\t\t<div class=\"elementor-element elementor-element-4fc17059 elementor-widget elementor-widget-heading\" data-id=\"4fc17059\" data-element_type=\"widget\" data-widget_type=\"heading.default\">\n\t\t\t\t<div class=\"elementor-widget-container\">\n\t\t\t<h2 class=\"elementor-heading-title elementor-size-default\">C\u00f4ng vi\u1ec7c kh\u00f4ng nh\u00e0n h\u1ea1<\/h2>\t\t<\/div>\n\t\t\t\t<\/div>\n\t\t\t\t<div class=\"elementor-element elementor-element-69e24794 elementor-widget elementor-widget-text-editor\" data-id=\"69e24794\" data-element_type=\"widget\" data-widget_type=\"text-editor.default\">\n\t\t\t\t<div class=\"elementor-widget-container\">\n\t\t\t\t\t<div class=\"elementor-text-editor elementor-clearfix\"><p>C\u00e1c ch\u01b0\u01a1ng tr\u00ecnh h\u1ecdc ngh\u1ec1 bao g\u1ed3m v\u1eeba h\u1ecdc v\u1eeba l\u00e0m \u0111\u1ec1u \u0111i c\u00f9ng r\u1ea5t nhi\u1ec1u tr\u1edf ng\u1ea1i kh\u00f3 kh\u0103n. D\u00f9 l\u00e0 ngh\u1ec1 \u0111i\u1ec1u d\u01b0\u1ee1ng hay nh\u00e0 h\u00e0ng kh\u00e1ch s\u1ea1n th\u00ec c\u00f4ng vi\u1ec7c \u1edf \u0110\u1ee9c c\u0169ng kh\u00f4ng h\u1ec1 nh\u00e0n h\u1ea1. H\u1ecdc vi\u00ean c\u1ea7n ph\u1ea3i ki\u00ean nh\u1eabn, ch\u0103m ch\u1ec9 b\u00ean c\u1ea1nh ph\u1ea3i nghi\u00eam t\u00fac duy tr\u00ec \u0111\u1ec3 c\u00f3 th\u1ec3 t\u1ed1t nghi\u1ec7p cu\u1ed1i kho\u00e1. No pain \u2013 no gain (kh\u00f4ng kh\u00f3 th\u00ec kh\u00f4ng c\u00f3) t\u1ee9c l\u00e0 vi\u1ec7c b\u1ea1n b\u1ecf ra c\u1ed1 g\u1eafng nhi\u1ec1u bao nhi\u00eau th\u00ec vi\u1ec7c \u0111\u1ea1t l\u1ea1i c\u0169ng t\u01b0\u01a1ng x\u1ee9ng, h\u1ecdc vi\u00ean kh\u00f4ng h\u1ec1 l\u00e0m mi\u1ec5n ph\u00ed cho c\u00f4ng s\u1ee9c \u0111i h\u1ecdc \u2013 th\u1ef1c h\u00e0nh c\u1ee7a m\u00ecnh trong qu\u00e1 tr\u00ecnh du h\u1ecdc ngh\u1ec1.<\/p><p><\/p><\/div>\n\t\t\t\t<\/div>\n\t\t\t\t<\/div>\n\t\t\t\t<div class=\"elementor-element elementor-element-5dd9771 elementor-widget elementor-widget-spacer\" data-id=\"5dd9771\" data-element_type=\"widget\" data-widget_type=\"spacer.default\">\n\t\t\t\t<div class=\"elementor-widget-container\">\n\t\t\t\t\t<div class=\"elementor-spacer\">\n\t\t\t<div class=\"elementor-spacer-inner\"><\/div>\n\t\t<\/div>\n\t\t\t\t<\/div>\n\t\t\t\t<\/div>\n\t\t\t\t<div class=\"elementor-element elementor-element-456feaa7 elementor-widget elementor-widget-spacer\" data-id=\"456feaa7\" data-element_type=\"widget\" data-widget_type=\"spacer.default\">\n\t\t\t\t<div class=\"elementor-widget-container\">\n\t\t\t\t\t<div class=\"elementor-spacer\">\n\t\t\t<div class=\"elementor-spacer-inner\"><\/div>\n\t\t<\/div>\n\t\t\t\t<\/div>\n\t\t\t\t<\/div>\n\t\t\t\t<div class=\"elementor-element elementor-element-eca7d62 elementor-align-center elementor-widget elementor-widget-button\" data-id=\"eca7d62\" data-element_type=\"widget\" data-widget_type=\"button.default\">\n\t\t\t\t<div class=\"elementor-widget-container\">\n\t\t\t\t\t<div class=\"elementor-button-wrapper\">\n\t\t\t<a href=\"https:\/\/vn.gedu.eu\/fur-azubi-kandidaten\/\" class=\"elementor-button-link elementor-button elementor-size-sm elementor-animation-shrink\" role=\"button\">\n\t\t\t\t\t\t<span class=\"elementor-button-content-wrapper\">\n\t\t\t\t\t\t<span class=\"elementor-button-icon elementor-align-icon-left\">\n\t\t\t\t<i aria-hidden=\"true\" class=\"far fa-check-circle\"><\/i>\t\t\t<\/span>\n\t\t\t\t\t\t<span class=\"elementor-button-text\">\u0110\u0103ng k\u00fd ngay<\/span>\n\t\t<\/span>\n\t\t\t\t\t<\/a>\n\t\t<\/div>\n\t\t\t\t<\/div>\n\t\t\t\t<\/div>\n\t\t\t\t<div class=\"elementor-element elementor-element-12970756 elementor-widget elementor-widget-spacer\" data-id=\"12970756\" data-element_type=\"widget\" data-widget_type=\"spacer.default\">\n\t\t\t\t<div class=\"elementor-widget-container\">\n\t\t\t\t\t<div class=\"elementor-spacer\">\n\t\t\t<div class=\"elementor-spacer-inner\"><\/div>\n\t\t<\/div>\n\t\t\t\t<\/div>\n\t\t\t\t<\/div>\n\t\t\t\t\t<\/div>\n\t\t<\/div>\n\t\t\t\t\t\t\t<\/div>\n\t\t<\/section>\n\t\t\t\t\t\t<\/div>\n\t\t\t\t\t<\/div>","protected":false},"excerpt":{"rendered":"<p>no pain, no gain Herausvorderungen JETZT BEWERBEN Das Wichtigste in K\u00fcrze Wenn sich die Gelegenheit ergibt, gibt es parallel dazu auch schwierige Herausforderungen, auf die Azubis achten und lernen sollten, um sich besser vorzubereiten. Sprachbarrieren Wie f\u00fcr die Ausbildung erforderlich, m\u00fcssen die Auszubildenden mindestens ein B1-Zertifikat haben, um sich f\u00fcr ein Ausbildungsvisum in Deutschland zu [&hellip;]<\/p>","protected":false},"author":2,"featured_media":0,"parent":0,"menu_order":0,"comment_status":"closed","ping_status":"closed","template":"elementor_header_footer","meta":{"footnotes":""},"class_list":["post-1993","page","type-page","status-publish","hentry","wpbf-post"],"_links":{"self":[{"href":"https:\/\/gedu.eu\/vi\/wp-json\/wp\/v2\/pages\/1993","targetHints":{"allow":["GET"]}}],"collection":[{"href":"https:\/\/gedu.eu\/vi\/wp-json\/wp\/v2\/pages"}],"about":[{"href":"https:\/\/gedu.eu\/vi\/wp-json\/wp\/v2\/types\/page"}],"author":[{"embeddable":true,"href":"https:\/\/gedu.eu\/vi\/wp-json\/wp\/v2\/users\/2"}],"replies":[{"embeddable":true,"href":"https:\/\/gedu.eu\/vi\/wp-json\/wp\/v2\/comments?post=1993"}],"version-history":[{"count":13,"href":"https:\/\/gedu.eu\/vi\/wp-json\/wp\/v2\/pages\/1993\/revisions"}],"predecessor-version":[{"id":3432,"href":"https:\/\/gedu.eu\/vi\/wp-json\/wp\/v2\/pages\/1993\/revisions\/3432"}],"wp:attachment":[{"href":"https:\/\/gedu.eu\/vi\/wp-json\/wp\/v2\/media?parent=1993"}],"curies":[{"name":"wp","href":"https:\/\/api.w.org\/{rel}","templated":true}]}}