{"id":38,"date":"2021-03-06T15:20:33","date_gmt":"2021-03-06T15:20:33","guid":{"rendered":"https:\/\/vn.gedu.eu\/?page_id=38"},"modified":"2021-03-07T15:46:40","modified_gmt":"2021-03-07T15:46:40","slug":"content","status":"publish","type":"page","link":"https:\/\/gedu.eu\/vi\/content\/","title":{"rendered":"Content"},"content":{"rendered":"<div data-elementor-type=\"wp-page\" data-elementor-id=\"38\" class=\"elementor elementor-38\" data-elementor-settings=\"[]\">\n\t\t\t\t\t\t\t<div class=\"elementor-section-wrap\">\n\t\t\t\t\t\t\t<section class=\"elementor-section elementor-top-section elementor-element elementor-element-cc6b83d elementor-section-boxed elementor-section-height-default elementor-section-height-default\" data-id=\"cc6b83d\" data-element_type=\"section\" data-settings=\"{&quot;background_background&quot;:&quot;classic&quot;}\">\n\t\t\t\t\t\t<div class=\"elementor-container elementor-column-gap-default\">\n\t\t\t\t\t<div class=\"elementor-column elementor-col-100 elementor-top-column elementor-element elementor-element-37100aa\" data-id=\"37100aa\" data-element_type=\"column\">\n\t\t\t<div class=\"elementor-widget-wrap\">\n\t\t\t\t\t\t\t\t\t<\/div>\n\t\t<\/div>\n\t\t\t\t\t\t\t<\/div>\n\t\t<\/section>\n\t\t\t\t<section class=\"elementor-section elementor-top-section elementor-element elementor-element-1c703a9 elementor-section-boxed elementor-section-height-default elementor-section-height-default\" data-id=\"1c703a9\" data-element_type=\"section\">\n\t\t\t\t\t\t<div class=\"elementor-container elementor-column-gap-default\">\n\t\t\t\t\t<div class=\"elementor-column elementor-col-50 elementor-top-column elementor-element elementor-element-d515548\" data-id=\"d515548\" data-element_type=\"column\">\n\t\t\t<div class=\"elementor-widget-wrap\">\n\t\t\t\t\t\t\t\t\t<\/div>\n\t\t<\/div>\n\t\t\t\t<div class=\"elementor-column elementor-col-50 elementor-top-column elementor-element elementor-element-840abcd\" data-id=\"840abcd\" data-element_type=\"column\">\n\t\t\t<div class=\"elementor-widget-wrap elementor-element-populated\">\n\t\t\t\t\t\t\t\t<div class=\"elementor-element elementor-element-82fa138 elementor-widget elementor-widget-heading\" data-id=\"82fa138\" data-element_type=\"widget\" data-widget_type=\"heading.default\">\n\t\t\t\t<div class=\"elementor-widget-container\">\n\t\t\t<h2 class=\"elementor-heading-title elementor-size-default\">Die Bewerbung f\u00fcr deine Ausbildung<\/h2>\t\t<\/div>\n\t\t\t\t<\/div>\n\t\t\t\t<div class=\"elementor-element elementor-element-94a98e5 elementor-widget elementor-widget-text-editor\" data-id=\"94a98e5\" data-element_type=\"widget\" data-widget_type=\"text-editor.default\">\n\t\t\t\t<div class=\"elementor-widget-container\">\n\t\t\t\t\t<div class=\"elementor-text-editor elementor-clearfix\">Du hast gerade die Schule geschafft oder bist kurz davor, sie abzuschlie\u00dfen? Herzlichen Gl\u00fcckwunsch! Damit hast du den ersten Schritt f\u00fcr deine Karriere schon getan. Aber bevor es mit dem Arbeitsleben und dem Geldverdienen so richtig losgehen kann, brauchst du einen Ausbildungsvertrag.\n\nUnd um diesen zu bekommen, musst du nat\u00fcrlich erst einmal eine Bewerbung schreiben. Das klingt vielleicht schwierig, ist es aber eigentlich gar nicht. Denn wir lassen dich damit nicht alleine, sondern helfen dir Schritt f\u00fcr Schritt zur perfekten Bewerbung f\u00fcr deine Ausbildung.<\/div>\n\t\t\t\t<\/div>\n\t\t\t\t<\/div>\n\t\t\t\t\t<\/div>\n\t\t<\/div>\n\t\t\t\t\t\t\t<\/div>\n\t\t<\/section>\n\t\t\t\t\t\t<\/div>\n\t\t\t\t\t<\/div>","protected":false},"excerpt":{"rendered":"<p>Die Bewerbung f\u00fcr deine Ausbildung Du hast gerade die Schule geschafft oder bist kurz davor, sie abzuschlie\u00dfen? Herzlichen Gl\u00fcckwunsch! Damit hast du den ersten Schritt f\u00fcr deine Karriere schon getan. Aber bevor es mit dem Arbeitsleben und dem Geldverdienen so richtig losgehen kann, brauchst du einen Ausbildungsvertrag. Und um diesen zu bekommen, musst du nat\u00fcrlich [&hellip;]<\/p>","protected":false},"author":1,"featured_media":0,"parent":0,"menu_order":0,"comment_status":"closed","ping_status":"closed","template":"","meta":{"footnotes":""},"class_list":["post-38","page","type-page","status-publish","hentry","wpbf-post"],"_links":{"self":[{"href":"https:\/\/gedu.eu\/vi\/wp-json\/wp\/v2\/pages\/38","targetHints":{"allow":["GET"]}}],"collection":[{"href":"https:\/\/gedu.eu\/vi\/wp-json\/wp\/v2\/pages"}],"about":[{"href":"https:\/\/gedu.eu\/vi\/wp-json\/wp\/v2\/types\/page"}],"author":[{"embeddable":true,"href":"https:\/\/gedu.eu\/vi\/wp-json\/wp\/v2\/users\/1"}],"replies":[{"embeddable":true,"href":"https:\/\/gedu.eu\/vi\/wp-json\/wp\/v2\/comments?post=38"}],"version-history":[{"count":0,"href":"https:\/\/gedu.eu\/vi\/wp-json\/wp\/v2\/pages\/38\/revisions"}],"wp:attachment":[{"href":"https:\/\/gedu.eu\/vi\/wp-json\/wp\/v2\/media?parent=38"}],"curies":[{"name":"wp","href":"https:\/\/api.w.org\/{rel}","templated":true}]}}