{"id":4885,"date":"2024-05-06T13:45:22","date_gmt":"2024-05-06T11:45:22","guid":{"rendered":"https:\/\/gedu.eu\/?page_id=4885"},"modified":"2024-05-07T09:44:36","modified_gmt":"2024-05-07T07:44:36","slug":"mikrotechnologe","status":"publish","type":"page","link":"https:\/\/gedu.eu\/vi\/mikrotechnologe\/","title":{"rendered":"Ausbildung Mikrotechnologe"},"content":{"rendered":"<div data-elementor-type=\"wp-post\" data-elementor-id=\"4885\" class=\"elementor elementor-4885\" data-elementor-settings=\"[]\">\n\t\t\t\t\t\t\t<div class=\"elementor-section-wrap\">\n\t\t\t\t\t\t\t<section class=\"elementor-section elementor-top-section elementor-element elementor-element-4f60cb5 elementor-section-stretched elementor-section-boxed elementor-section-height-default elementor-section-height-default\" data-id=\"4f60cb5\" data-element_type=\"section\" data-settings=\"{&quot;background_background&quot;:&quot;classic&quot;,&quot;stretch_section&quot;:&quot;section-stretched&quot;}\">\n\t\t\t\t\t\t<div class=\"elementor-container elementor-column-gap-no\">\n\t\t\t\t\t<div class=\"elementor-column elementor-col-50 elementor-top-column elementor-element elementor-element-78f7e59\" data-id=\"78f7e59\" data-element_type=\"column\">\n\t\t\t<div class=\"elementor-widget-wrap elementor-element-populated\">\n\t\t\t\t\t\t\t\t<div class=\"elementor-element elementor-element-4a5c92f elementor-widget elementor-widget-spacer\" data-id=\"4a5c92f\" data-element_type=\"widget\" data-widget_type=\"spacer.default\">\n\t\t\t\t<div class=\"elementor-widget-container\">\n\t\t\t\t\t<div class=\"elementor-spacer\">\n\t\t\t<div class=\"elementor-spacer-inner\"><\/div>\n\t\t<\/div>\n\t\t\t\t<\/div>\n\t\t\t\t<\/div>\n\t\t\t\t<div class=\"elementor-element elementor-element-7c53b69 elementor-widget elementor-widget-heading\" data-id=\"7c53b69\" data-element_type=\"widget\" data-widget_type=\"heading.default\">\n\t\t\t\t<div class=\"elementor-widget-container\">\n\t\t\t<p class=\"elementor-heading-title elementor-size-default\">\u0110\u00e0o t\u1ea1o ng\u00e0nh ngh\u1ec1 chuy\u00ean vi\u00ean s\u1ea3n xu\u1ea5t c\u00f4ng ngh\u1ec7 vi m\u1ea1ch v\u00e0 b\u00e1n d\u1eabn trong n\u0103m 2024<\/p>\t\t<\/div>\n\t\t\t\t<\/div>\n\t\t\t\t<div class=\"elementor-element elementor-element-95dda94 elementor-widget elementor-widget-heading\" data-id=\"95dda94\" data-element_type=\"widget\" data-widget_type=\"heading.default\">\n\t\t\t\t<div class=\"elementor-widget-container\">\n\t\t\t<p class=\"elementor-heading-title elementor-size-default\">Mikrotechnologe<br>(m\/w\/d)<\/p>\t\t<\/div>\n\t\t\t\t<\/div>\n\t\t\t\t<div class=\"elementor-element elementor-element-a1399e9 elementor-widget__width-initial elementor-widget elementor-widget-image\" data-id=\"a1399e9\" data-element_type=\"widget\" data-widget_type=\"image.default\">\n\t\t\t\t<div class=\"elementor-widget-container\">\n\t\t\t\t\t<div class=\"elementor-image\">\n\t\t\t\t\t\t\t\t\t\t<img loading=\"lazy\" decoding=\"async\" width=\"24\" height=\"44\" src=\"https:\/\/gedu.eu\/wp-content\/uploads\/2021\/03\/handdrawn_arrow_white_sm.png\" class=\"attachment-large size-large\" alt=\"\" \/>\t\t\t\t\t\t\t\t\t\t\t<\/div>\n\t\t\t\t<\/div>\n\t\t\t\t<\/div>\n\t\t\t\t<div class=\"elementor-element elementor-element-41ef9ee elementor-align-center elementor-widget elementor-widget-button\" data-id=\"41ef9ee\" data-element_type=\"widget\" data-widget_type=\"button.default\">\n\t\t\t\t<div class=\"elementor-widget-container\">\n\t\t\t\t\t<div class=\"elementor-button-wrapper\">\n\t\t\t<a href=\"mailto:info@gedu.eu\" class=\"elementor-button-link elementor-button elementor-size-sm elementor-animation-shrink\" role=\"button\">\n\t\t\t\t\t\t<span class=\"elementor-button-content-wrapper\">\n\t\t\t\t\t\t<span class=\"elementor-button-icon elementor-align-icon-left\">\n\t\t\t\t<i aria-hidden=\"true\" class=\"far fa-check-circle\"><\/i>\t\t\t<\/span>\n\t\t\t\t\t\t<span class=\"elementor-button-text\">Li\u00ean h\u1ec7 \/ Kontaktieren<\/span>\n\t\t<\/span>\n\t\t\t\t\t<\/a>\n\t\t<\/div>\n\t\t\t\t<\/div>\n\t\t\t\t<\/div>\n\t\t\t\t<div class=\"elementor-element elementor-element-a2a3948 elementor-widget elementor-widget-heading\" data-id=\"a2a3948\" data-element_type=\"widget\" data-widget_type=\"heading.default\">\n\t\t\t\t<div class=\"elementor-widget-container\">\n\t\t\t<div class=\"elementor-heading-title elementor-size-large\">info@gedu.eu<\/div>\t\t<\/div>\n\t\t\t\t<\/div>\n\t\t\t\t\t<\/div>\n\t\t<\/div>\n\t\t\t\t<div class=\"elementor-column elementor-col-50 elementor-top-column elementor-element elementor-element-6ef9851\" data-id=\"6ef9851\" data-element_type=\"column\">\n\t\t\t<div class=\"elementor-widget-wrap\">\n\t\t\t\t\t\t\t\t\t<\/div>\n\t\t<\/div>\n\t\t\t\t\t\t\t<\/div>\n\t\t<\/section>\n\t\t\t\t<section class=\"elementor-section elementor-top-section elementor-element elementor-element-b110265 elementor-section-boxed elementor-section-height-default elementor-section-height-default\" data-id=\"b110265\" data-element_type=\"section\">\n\t\t\t\t\t\t<div class=\"elementor-container elementor-column-gap-default\">\n\t\t\t\t\t<div class=\"elementor-column elementor-col-100 elementor-top-column elementor-element elementor-element-2836fbe\" data-id=\"2836fbe\" data-element_type=\"column\">\n\t\t\t<div class=\"elementor-widget-wrap elementor-element-populated\">\n\t\t\t\t\t\t\t\t<section class=\"elementor-section elementor-inner-section elementor-element elementor-element-e91e696 elementor-section-boxed elementor-section-height-default elementor-section-height-default\" data-id=\"e91e696\" data-element_type=\"section\">\n\t\t\t\t\t\t<div class=\"elementor-container elementor-column-gap-default\">\n\t\t\t\t\t<div class=\"elementor-column elementor-col-50 elementor-inner-column elementor-element elementor-element-a421386\" data-id=\"a421386\" data-element_type=\"column\">\n\t\t\t<div class=\"elementor-widget-wrap elementor-element-populated\">\n\t\t\t\t\t\t\t\t<div class=\"elementor-element elementor-element-634539e elementor-widget elementor-widget-text-editor\" data-id=\"634539e\" data-element_type=\"widget\" data-widget_type=\"text-editor.default\">\n\t\t\t\t<div class=\"elementor-widget-container\">\n\t\t\t\t\t<div class=\"elementor-text-editor elementor-clearfix\"><p><strong>1. \u0110\u1ed1i t\u01b0\u1ee3ng tuy\u1ec3n sinh:<\/strong><br \/>Sinh vi\u00ean\/ h\u1ecdc vi\u00ean ng\u01b0\u1eddi Vi\u1ec7t \u0111ang sinh s\u1ed1ng t\u1ea1i \u0110\u1ee9c v\u00e0 c\u00e1c b\u1ea1n sinh ra v\u00e0 l\u1edbn l\u00ean t\u1ea1i \u0110\u1ee9c<br \/>\u0110\u1ed9 tu\u1ed5i: t\u1eeb 18-28 tu\u1ed5i<br \/>Tr\u00ecnh \u0111\u1ed9 ti\u1ebfng \u0110\u1ee9c: B2 tr\u1edf l\u00ean<br \/>Gi\u1ea5y ch\u1ee9ng nh\u1eadn t\u1ed1t nghi\u1ec7p Trung h\u1ecdc Ph\u1ed5 th\u00f4ng ho\u1eb7c b\u1eb1ng c\u1ea5p cao h\u01a1n<br \/>\u0110i\u1ec3m t\u1ed1t \u0111\u1eb7c bi\u1ec7t l\u00e0 c\u00e1c m\u00f4n khoa h\u1ecdc t\u1ef1 nhi\u00ean<br \/>Tr\u00e1ch nhi\u1ec7m, \u0111\u00e1ng tin c\u1eady v\u00e0 tinh th\u1ea7n l\u00e0m vi\u1ec7c nh\u00f3m cao<br \/>H\u1ea1n n\u1ed9p h\u1ed3 s\u01a1 qua E-Mail: \u0111\u1ebfn ng\u00e0y 30.05.2024<br \/>Th\u1eddi gian ph\u1ecfng v\u1ea5n: 01.-14.06.2024<br \/>Th\u1eddi gian b\u1eaft \u0111\u1ea7u kho\u00e1 \u0111\u00e0o t\u1ea1o d\u1ef1 b\u1ecb t\u1eeb ng\u00e0y 01.-30.07.2024<br \/>Th\u1eddi gian b\u1eaft \u0111\u1ea7u ch\u01b0\u01a1ng tr\u00ecnh \u0111\u00e0o t\u1ea1o chuy\u00ean m\u00f4n t\u1ea1i doanh nghi\u1ec7p t\u1eeb ng\u00e0y 05.08.2024<\/p><p><strong>2. Ch\u01b0\u01a1ng tr\u00ecnh \u0111\u01b0\u1ee3c t\u00e0i tr\u1ee3 ho\u00e0n to\u00e0n mi\u1ec5n ph\u00ed t\u1eeb GEDU, trong \u0111\u00f3 bao g\u1ed3m:<\/strong><br \/>Th\u1ee7 t\u1ee5c l\u00e0m h\u1ed3 s\u01a1<br \/>Kho\u00e1 \u0111\u00e0o t\u1ea1o d\u1ef1 b\u1ecb (1 th\u00e1ng) bao g\u1ed3m ti\u1ec1n nh\u00e0 t\u1ea1i trung t\u00e2m \u0111\u00e0o t\u1ea1o c\u1ee7a GEDU<br \/>Ch\u0103m s\u00f3c h\u1ecdc vi\u00ean trong to\u00e0n b\u1ed9 qu\u00e1 tr\u00ecnh \u0111\u00e0o t\u1ea1o (3 n\u0103m)<\/p><\/div>\n\t\t\t\t<\/div>\n\t\t\t\t<\/div>\n\t\t\t\t\t<\/div>\n\t\t<\/div>\n\t\t\t\t<div class=\"elementor-column elementor-col-50 elementor-inner-column elementor-element elementor-element-03538db\" data-id=\"03538db\" data-element_type=\"column\">\n\t\t\t<div class=\"elementor-widget-wrap elementor-element-populated\">\n\t\t\t\t\t\t\t\t<div class=\"elementor-element elementor-element-a9eecfb elementor-widget elementor-widget-image\" data-id=\"a9eecfb\" data-element_type=\"widget\" data-widget_type=\"image.default\">\n\t\t\t\t<div class=\"elementor-widget-container\">\n\t\t\t\t\t<div class=\"elementor-image\">\n\t\t\t\t\t\t\t\t\t\t<img decoding=\"async\" src=\"https:\/\/gedu.eu\/wp-content\/uploads\/elementor\/thumbs\/pexels-rethaferguson-3825584-scaled-qnrdvu2l6b19weyknc38plylsrkvx1tkotzullehnk.jpg\" title=\"pexels-rethaferguson-3825584\" alt=\"pexels-rethaferguson-3825584\" \/>\t\t\t\t\t\t\t\t\t\t\t<\/div>\n\t\t\t\t<\/div>\n\t\t\t\t<\/div>\n\t\t\t\t\t<\/div>\n\t\t<\/div>\n\t\t\t\t\t\t\t<\/div>\n\t\t<\/section>\n\t\t\t\t<section class=\"elementor-section elementor-inner-section elementor-element elementor-element-00e085a elementor-section-boxed elementor-section-height-default elementor-section-height-default\" data-id=\"00e085a\" data-element_type=\"section\">\n\t\t\t\t\t\t<div class=\"elementor-container elementor-column-gap-default\">\n\t\t\t\t\t<div class=\"elementor-column elementor-col-50 elementor-inner-column elementor-element elementor-element-e5aa250\" data-id=\"e5aa250\" data-element_type=\"column\">\n\t\t\t<div class=\"elementor-widget-wrap elementor-element-populated\">\n\t\t\t\t\t\t\t\t<div class=\"elementor-element elementor-element-48b3e04 elementor-widget elementor-widget-image\" data-id=\"48b3e04\" data-element_type=\"widget\" data-widget_type=\"image.default\">\n\t\t\t\t<div class=\"elementor-widget-container\">\n\t\t\t\t\t<div class=\"elementor-image\">\n\t\t\t\t\t\t\t\t\t\t<img loading=\"lazy\" decoding=\"async\" width=\"1024\" height=\"1024\" src=\"https:\/\/gedu.eu\/wp-content\/uploads\/2024\/05\/DALL\u00b7E-2024-05-06-15.35.46-Squared-photorealistic-image-of-a-woman-working-in-a-chip-fabrication-facility-alongside-her-colleagues-in-a-bright-and-welcoming-environment.-Set-in.webp\" class=\"attachment-large size-large\" alt=\"\" srcset=\"https:\/\/gedu.eu\/wp-content\/uploads\/2024\/05\/DALL\u00b7E-2024-05-06-15.35.46-Squared-photorealistic-image-of-a-woman-working-in-a-chip-fabrication-facility-alongside-her-colleagues-in-a-bright-and-welcoming-environment.-Set-in.webp 1024w, https:\/\/gedu.eu\/wp-content\/uploads\/2024\/05\/DALL\u00b7E-2024-05-06-15.35.46-Squared-photorealistic-image-of-a-woman-working-in-a-chip-fabrication-facility-alongside-her-colleagues-in-a-bright-and-welcoming-environment.-Set-in-300x300.webp 300w, https:\/\/gedu.eu\/wp-content\/uploads\/2024\/05\/DALL\u00b7E-2024-05-06-15.35.46-Squared-photorealistic-image-of-a-woman-working-in-a-chip-fabrication-facility-alongside-her-colleagues-in-a-bright-and-welcoming-environment.-Set-in-150x150.webp 150w, https:\/\/gedu.eu\/wp-content\/uploads\/2024\/05\/DALL\u00b7E-2024-05-06-15.35.46-Squared-photorealistic-image-of-a-woman-working-in-a-chip-fabrication-facility-alongside-her-colleagues-in-a-bright-and-welcoming-environment.-Set-in-768x768.webp 768w, https:\/\/gedu.eu\/wp-content\/uploads\/2024\/05\/DALL\u00b7E-2024-05-06-15.35.46-Squared-photorealistic-image-of-a-woman-working-in-a-chip-fabrication-facility-alongside-her-colleagues-in-a-bright-and-welcoming-environment.-Set-in-12x12.webp 12w\" sizes=\"auto, (max-width: 1024px) 100vw, 1024px\" \/>\t\t\t\t\t\t\t\t\t\t\t<\/div>\n\t\t\t\t<\/div>\n\t\t\t\t<\/div>\n\t\t\t\t\t<\/div>\n\t\t<\/div>\n\t\t\t\t<div class=\"elementor-column elementor-col-50 elementor-inner-column elementor-element elementor-element-629a089\" data-id=\"629a089\" data-element_type=\"column\">\n\t\t\t<div class=\"elementor-widget-wrap elementor-element-populated\">\n\t\t\t\t\t\t\t\t<div class=\"elementor-element elementor-element-d4f1e7b elementor-widget elementor-widget-text-editor\" data-id=\"d4f1e7b\" data-element_type=\"widget\" data-widget_type=\"text-editor.default\">\n\t\t\t\t<div class=\"elementor-widget-container\">\n\t\t\t\t\t<div class=\"elementor-text-editor elementor-clearfix\"><p><strong>3. Y\u00eau c\u1ea7u v\u00e0 quy\u1ec1n l\u1ee3i cho h\u1ecdc vi\u00ean c\u1ee7a GEDU:<\/strong><br \/>3.1 Y\u00eau c\u1ea7u tuy\u1ec3n sinh:<\/p><ul><li>Ti\u1ebfng \u0110\u1ee9c tr\u00ecnh \u0111\u1ed9 B2 tr\u1edf l\u00ean<\/li><li>Gi\u1ea5y ch\u1ee9ng nh\u1eadn t\u1ed1t nghi\u1ec7p trung h\u1ecdc ph\u1ed5 th\u00f4ng ho\u1eb7c b\u1eb1ng c\u1ea5p cao h\u01a1n<\/li><li>\u0110i\u1ec3m t\u1ed1t, \u0111\u1eb7c bi\u1ec7t l\u00e0 c\u00e1c m\u00f4n khoa h\u1ecdc t\u1ef1 nhi\u00ean<\/li><li>Tr\u00e1ch nhi\u1ec7m, \u0111\u00e1ng tin c\u1eady v\u00e0 tinh th\u1ea7n l\u00e0m vi\u1ec7c nh\u00f3m cao<\/li><\/ul><p>3.2 Quy\u1ec1n l\u1ee3i \u0111\u01b0\u1ee3c cung c\u1ea5p:<\/p><ul><li>Tr\u1ee3 c\u1ea5p \u0111\u00e0o t\u1ea1o h\u1ea5p d\u1eabn<ul><li>N\u0103m \u0111\u00e0o t\u1ea1o \u0111\u1ea7u ti\u00ean: 1.153\u20ac<\/li><li>N\u0103m \u0111\u00e0o t\u1ea1o th\u1ee9 2: 1.218\u20ac<\/li><li>N\u0103m \u0111\u00e0o t\u1ea1o th\u1ee9 3: 1.286\u20ac<\/li><\/ul><\/li><\/ul><ul><li>B\u1ea1n h\u1ecdc l\u00fd thuy\u1ebft t\u1ea1i Tr\u01b0\u1eddng d\u1ea1y ngh\u1ec1 K\u1ef9 thu\u1eadt \u0111i\u1ec7n thu\u1ed9c th\u00e0nh ph\u1ed1 v\u00e0 th\u1ef1c h\u00e0nh tr\u1ef1c ti\u1ebfp t\u1ea1i doanh nghi\u1ec7p<\/li><li>Doanh nghi\u1ec7p h\u1ed7 tr\u1ee3 t\u00ecm n\u01a1i \u1edf cho h\u1ecdc vi\u00ean v\u00e0 tr\u1ee3 c\u1ea5p nh\u00e0 \u1edf 300 \u20ac m\u1ed7i th\u00e1ng trong n\u0103m \u0111\u00e0o t\u1ea1o \u0111\u1ea7u ti\u00ean<\/li><li>Ti\u1ec1n ph\u1ee5 c\u1ea5p ng\u00e0y l\u1ec5<\/li><li>Ti\u1ec1n th\u01b0\u1edfng v\u00e0o Gi\u00e1ng sinh<\/li><li>Ph\u1ee5 c\u1ea5p khi l\u00e0m vi\u1ec7c theo ca<\/li><li>\u0110i\u1ec7n tho\u1ea1i di \u0111\u1ed9ng\/m\u00e1y t\u00ednh x\u00e1ch tay l\u00e0m vi\u1ec7c<\/li><li>H\u1ecdc vi\u00ean \u0111\u01b0\u1ee3c gi\u1ea3m gi\u00e1 50% chi ph\u00ed \u0103n u\u1ed1ng t\u1ea1i c\u0103ng tin c\u1ee7a doanh nghi\u1ec7p<\/li><li>H\u1ed7 tr\u1ee3 v\u00e9 t\u00e0u Deutschland Ticket \/ Jobticket<\/li><li>Qu\u00e1 tr\u00ecnh \u0111\u00e0o t\u1ea1o c\u1ee7a b\u1ea1n \u0111\u01b0\u1ee3c ho\u00e0n thi\u1ec7n qua c\u00e1c bu\u1ed5i h\u1ed9i th\u1ea3o v\u00e0 \u0111\u00e0o t\u1ea1o b\u1ed5 sung.<\/li><li>N\u1ed9i dung r\u1ea5t \u0111a d\u1ea1ng: qu\u1ea3n l\u00fd s\u1ee9c kh\u1ecfe, c\u00f4ng ngh\u1ec7 thuy\u1ebft tr\u00ecnh, \u0111\u00e0o t\u1ea1o MS Office, v.v<\/li><li>M\u1ee9c l\u01b0\u01a1ng h\u1ea5p d\u1eabn sau khi t\u1ed1t nghi\u1ec7p dao \u0111\u1ed9ng t\u1eeb 2.700 \u20ac \u0111\u1ebfn 3.000 \u20ac\/ th\u00e1ng<\/li><\/ul><\/div>\n\t\t\t\t<\/div>\n\t\t\t\t<\/div>\n\t\t\t\t\t<\/div>\n\t\t<\/div>\n\t\t\t\t\t\t\t<\/div>\n\t\t<\/section>\n\t\t\t\t\t<\/div>\n\t\t<\/div>\n\t\t\t\t\t\t\t<\/div>\n\t\t<\/section>\n\t\t\t\t<section class=\"elementor-section elementor-top-section elementor-element elementor-element-fb0c1da elementor-section-boxed elementor-section-height-default elementor-section-height-default\" data-id=\"fb0c1da\" data-element_type=\"section\">\n\t\t\t\t\t\t<div class=\"elementor-container elementor-column-gap-default\">\n\t\t\t\t\t<div class=\"elementor-column elementor-col-100 elementor-top-column elementor-element elementor-element-bdd7295\" data-id=\"bdd7295\" data-element_type=\"column\">\n\t\t\t<div class=\"elementor-widget-wrap elementor-element-populated\">\n\t\t\t\t\t\t\t\t<div class=\"elementor-element elementor-element-fb4c2f2 elementor-align-center elementor-widget elementor-widget-button\" data-id=\"fb4c2f2\" data-element_type=\"widget\" data-widget_type=\"button.default\">\n\t\t\t\t<div class=\"elementor-widget-container\">\n\t\t\t\t\t<div class=\"elementor-button-wrapper\">\n\t\t\t<a href=\"mailto:info@gedu.eu\" class=\"elementor-button-link elementor-button elementor-size-sm elementor-animation-shrink\" role=\"button\">\n\t\t\t\t\t\t<span class=\"elementor-button-content-wrapper\">\n\t\t\t\t\t\t<span class=\"elementor-button-icon elementor-align-icon-left\">\n\t\t\t\t<i aria-hidden=\"true\" class=\"far fa-check-circle\"><\/i>\t\t\t<\/span>\n\t\t\t\t\t\t<span class=\"elementor-button-text\">Li\u00ean h\u1ec7 \/ Kontaktieren<\/span>\n\t\t<\/span>\n\t\t\t\t\t<\/a>\n\t\t<\/div>\n\t\t\t\t<\/div>\n\t\t\t\t<\/div>\n\t\t\t\t<div class=\"elementor-element elementor-element-9112b60 elementor-widget elementor-widget-heading\" data-id=\"9112b60\" data-element_type=\"widget\" data-widget_type=\"heading.default\">\n\t\t\t\t<div class=\"elementor-widget-container\">\n\t\t\t<h2 class=\"elementor-heading-title elementor-size-large\">Bewerbungen an \/ N\u1ed9p h\u1ed3 s\u01a1: info@gedu.eu<\/h2>\t\t<\/div>\n\t\t\t\t<\/div>\n\t\t\t\t\t<\/div>\n\t\t<\/div>\n\t\t\t\t\t\t\t<\/div>\n\t\t<\/section>\n\t\t\t\t\t\t<\/div>\n\t\t\t\t\t<\/div>","protected":false},"excerpt":{"rendered":"<p>\u0110\u00e0o t\u1ea1o ng\u00e0nh ngh\u1ec1 chuy\u00ean vi\u00ean s\u1ea3n xu\u1ea5t c\u00f4ng ngh\u1ec7 vi m\u1ea1ch v\u00e0 b\u00e1n d\u1eabn trong n\u0103m 2024 Mikrotechnologe(m\/w\/d) Li\u00ean h\u1ec7 \/ Kontaktieren info@gedu.eu 1. \u0110\u1ed1i t\u01b0\u1ee3ng tuy\u1ec3n sinh:Sinh vi\u00ean\/ h\u1ecdc vi\u00ean ng\u01b0\u1eddi Vi\u1ec7t \u0111ang sinh s\u1ed1ng t\u1ea1i \u0110\u1ee9c v\u00e0 c\u00e1c b\u1ea1n sinh ra v\u00e0 l\u1edbn l\u00ean t\u1ea1i \u0110\u1ee9c\u0110\u1ed9 tu\u1ed5i: t\u1eeb 18-28 tu\u1ed5iTr\u00ecnh \u0111\u1ed9 ti\u1ebfng [&hellip;]<\/p>","protected":false},"author":4,"featured_media":0,"parent":0,"menu_order":0,"comment_status":"closed","ping_status":"closed","template":"","meta":{"footnotes":""},"class_list":["post-4885","page","type-page","status-publish","hentry","wpbf-post"],"_links":{"self":[{"href":"https:\/\/gedu.eu\/vi\/wp-json\/wp\/v2\/pages\/4885","targetHints":{"allow":["GET"]}}],"collection":[{"href":"https:\/\/gedu.eu\/vi\/wp-json\/wp\/v2\/pages"}],"about":[{"href":"https:\/\/gedu.eu\/vi\/wp-json\/wp\/v2\/types\/page"}],"author":[{"embeddable":true,"href":"https:\/\/gedu.eu\/vi\/wp-json\/wp\/v2\/users\/4"}],"replies":[{"embeddable":true,"href":"https:\/\/gedu.eu\/vi\/wp-json\/wp\/v2\/comments?post=4885"}],"version-history":[{"count":33,"href":"https:\/\/gedu.eu\/vi\/wp-json\/wp\/v2\/pages\/4885\/revisions"}],"predecessor-version":[{"id":4933,"href":"https:\/\/gedu.eu\/vi\/wp-json\/wp\/v2\/pages\/4885\/revisions\/4933"}],"wp:attachment":[{"href":"https:\/\/gedu.eu\/vi\/wp-json\/wp\/v2\/media?parent=4885"}],"curies":[{"name":"wp","href":"https:\/\/api.w.org\/{rel}","templated":true}]}}